{"id":120,"date":"2008-10-23T15:22:58","date_gmt":"2008-10-23T13:22:58","guid":{"rendered":"http:\/\/ballonsupermarkt-onlineshop.de\/blog\/?page_id=120"},"modified":"2024-04-12T12:05:10","modified_gmt":"2024-04-12T10:05:10","slug":"kostenfreier-versand-fur-luftballons","status":"publish","type":"page","link":"https:\/\/www.ballonsupermarkt-onlineshop.de\/blog\/kostenfreier-versand-fur-luftballons\/","title":{"rendered":"Kostenfreier Versand f\u00fcr Luftballons"},"content":{"rendered":"<p>Kostenfreier Versand von Luftballons? Luftballons und Ballonzubeh\u00f6r versandkostenfrei liefern lassen? Ballons, Helium ohne Versandkosten? Folienballons zu Geburtstag, Ballongr\u00fc\u00dfe geliefert, ohne zus\u00e4tzliche Versandkosten? Kostenfreier Versand von Ballons?<\/p>\n<h3><span style=\"text-decoration: underline;\"><strong>Wo gibt es denn so was?<\/strong><\/span><\/h3>\n<p>Sehr geehrte Kunden<span style=\"text-decoration: underline;\">,<\/span><\/p>\n<p>es h\u00e4ufen sich Ballonshops und Luftballonshops die Ihnen vollmundig ank\u00fcndigen, Luftballons versandkostenfrei zu liefern. Kann man das glauben? Wie ist das m\u00f6glich? Gibt es vielleicht mittlerweile einen Versandservice der selbstlos und ohne Kosten Luftballons anliefert, von dem wir noch nichts wissen? Liefert die Deutsche Post jetzt vielleicht neuerdings Ballons ohne Versandkosten? Oder DPD, Hermes, GLS, DHL? Ganz eifrig haben wir sehr intensiv gesucht, welcher Versand-Service es denn sein k\u00f6nnte, der ohne Kosten ausliefert. Doch&#8230;&#8230; leider, leider&#8230;.. wir haben keinen kostenfreien Versand f\u00fcr Luftballone gefunden!<\/p>\n<p>Wir verraten Ihnen etwas: Es gibt auch keinen kostenlosen Lieferservice f\u00fcr Ballonshops!<\/p>\n<p>Vor gar nicht langer Zeit hat ein ber\u00fchmter Politiker einmal gesagt, <strong>&#8222;dass es im Internet eine hervorragende Transparenz im Preisvergleich gibt.&#8220;<\/strong> Das stimmt auch. Aber machen Sie davon Gebrauch? Oder lassen Sie sich lieber von sch\u00f6nen, aber falschen Versprechungen zum Kauf von Luftballons verleiten?<\/p>\n<p>Wir vermuten die Ursachen f\u00fcr f\u00e4lschlicherweise angek\u00fcndigte kostenfreie Lieferungen von Luftballonshops haben folgende Gr\u00fcnde: 1. Die Shopbetreiber verf\u00fcgen nicht \u00fcber notwendiges Fachwissen eine Programmierung f\u00fcr verschiedenartige Versandkosten bereit zu stellen. 2. Die Shopbetreiber finden es zu m\u00fchselig, sich in allzu verschiedenen Tarifen der Versandfirmen kundig zu machen. Verschiedene Volumentarife, Tarife nach Gewichten und Tarife nach Lieferzeiten sind bei allen Services unterschiedlich, es ist daher sehr kompliziert, diese in einen Internet-Shop einzubauen. 3. Die Shopbetreiber scheuen den Preisvergleich ihrer Kunden. Durch Vermischung von Produktkosten und Versandkosten k\u00f6nnen sie Kunden verwirren und zum Kauf verleiten, da die Transparenz bei beiden spezifischen Preisen nun verwischt ist.<\/p>\n<p><strong>Wunder gibt es immer wieder. Aber wenn Ihnen jemand versandkostenfrei etwas liefern kann, dann hat er garantiert den Preis des Artikels erh\u00f6ht und hier die Versandkosten versteckt hineingeschummelt.<\/strong><\/p>\n<p><strong>Schade, es h\u00e4tte doch transparent sein k\u00f6nnen!<\/strong><\/p>\n<p>Und wo kaufen Sie jetzt Ihre <a title=\"Luftballons\" href=\"https:\/\/www.ballonsupermarkt-onlineshop.de\/shopdata\/Latexballons\/product_overview.shopscript\">Luftballons<\/a>? Die <a title=\"Partyballons\" href=\"https:\/\/www.ballonsupermarkt-onlineshop.de\/shopdata\/Latexballons\/Latexherzen+=26amp=3Bslash=3B+40cm+verschiedene+Farben\/product_overview.shopscript\">Partyballons<\/a>? <a title=\"Partyzubeh\u00f6r\" href=\"https:\/\/www.ballonsupermarkt-onlineshop.de\/shopdata\/Feuerwerk=2C+Kerzen+und+Wunderkerzen\/product_overview.shopscript\">Partyzubeh\u00f6r<\/a>? <a title=\"Helium und Ballongas\" href=\"https:\/\/www.ballonsupermarkt-onlineshop.de\/shopdata\/Ballongas\/product_overview.shopscript\">Helium und Ballongas<\/a>? <a title=\"Geburtstagsdeko\" href=\"http:\/\/www.luftballons-luftballonshop.de\/html\/geburtstagsdeko.html\">Geburtstagsdeko<\/a> und <a title=\"Partydeko\" href=\"https:\/\/www.ballonsupermarkt-onlineshop.de\/shopdata\/Dekoration\/product_overview.shopscript\">Partydeko<\/a>? <a title=\"Luftballons\" href=\"http:\/\/www.ballonsupermarkt.de\/html\/luftballons.html\">Luftballons<\/a> und <a title=\"Herzballons\" href=\"http:\/\/www.ballonsupermarkt.de\/html\/luftballons_herzen.html\">Herzballons<\/a> zur <a title=\"Hochzeit\" href=\"http:\/\/www.ballonsupermarkt.de\/html\/hochzeit.html\">Hochzeit<\/a>? <a title=\"Folienballons\" href=\"http:\/\/www.ballonsupermarkt.de\/html\/folienballons.html\">Folienballons<\/a> und <a title=\"Ballongr\u00fc\u00dfe\" href=\"http:\/\/www.ballonsupermarkt.de\/html\/ballongrusse.html\">Ballongr\u00fc\u00dfe<\/a>? <a title=\"Ballons mit Zahlen\" href=\"http:\/\/ballonshop.biz\/html\/ballons_zahlen.html\">Ballons mit Zahlen<\/a> f\u00fcr den <a title=\"Kindergeburtstag\" href=\"http:\/\/www.ballonsupermarkt.de\/html\/kindergeburtstag.html\">Kindergeburtstag<\/a>?<\/p>\n<p>Wo gibt es Luftballons versandkostenfrei?<\/p>\n<p>Suchen Sie nach versandkostenfreien Luftballons:<\/p>\n<p><strong><a title=\"Luftballons versandkostenfrei\" href=\"http:\/\/www.google.de\/search?q=luftballons&amp;sourceid=navclient-ff&amp;ie=UTF-8&amp;rlz=1B3GGGL_deDE220DE220\" target=\"_blank\" rel=\"noopener\">Google<\/a><\/strong>, <strong><a title=\"Luftballons versandkostenfrei\" href=\"http:\/\/suche.aol.de\/aol\/search?q=luftballons&amp;langRestrict=2\" target=\"_blank\" rel=\"noopener\">AOL<\/a><\/strong>,<\/p>\n<p><strong>Vergleichen Sie die Preise!<\/strong><\/p>\n<p><strong>Doch zuerst schauen Sie bitte hier:<\/strong><\/p>\n<h2><a title=\"Luftballons g\u00fcnstig und preiswert\" href=\"https:\/\/www.ballonsupermarkt-onlineshop.de\/shopdata\/Latexballons\/Luftballons+g=FCnstig+und+preiswert\/product_overview.shopscript\"><strong>Luftballons g\u00fcnstig und preiswert<\/strong><\/a><\/h2>\n<div style=\"width: 437px\" class=\"wp-caption alignnone\"><a title=\"Ballonsupermarkt-Onlineshop: Transparente Preise, transparente Versandkosten.\" href=\"https:\/\/www.ballonsupermarkt-onlineshop.de\" target=\"_blank\" rel=\"noopener\"><img loading=\"lazy\" decoding=\"async\" title=\"Preise vergleichen beim Kauf von Luftballons: Zuerst im Ballonsupermarkt nachschauen!\" src=\"http:\/\/ballonsupermarkt.de\/assets\/images\/autogen\/a_Ballonsupermarkt_Versandhandel_fur_Luftballons_Ballongas_Helium_Hochzeitsdekoration_Geburtstagsdekoration_1.jpg\" alt=\"Preisvergleich f\u00fcr Luftballons, Ballonzubeh\u00f6r, Partyartikel und Hochzeitsdeko f\u00e4ngt im Ballonsupermarkt an.\" width=\"427\" height=\"66\" \/><\/a><p class=\"wp-caption-text\">Preisvergleich f\u00fcr Luftballons, Ballonzubeh\u00f6r, Partyartikel und Hochzeitsdeko f\u00e4ngt im Ballonsupermarkt an.<\/p><\/div>\n","protected":false},"excerpt":{"rendered":"<p>Kostenfreier Versand von Luftballons? Luftballons und Ballonzubeh\u00f6r versandkostenfrei liefern lassen? Ballons, Helium ohne Versandkosten? Folienballons zu Geburtstag, Ballongr\u00fc\u00dfe geliefert, ohne zus\u00e4tzliche Versandkosten? Kostenfreier Versand von Ballons? Wo gibt es denn so was? Sehr geehrte Kunden, es h\u00e4ufen sich Ballonshops und Luftballonshops die Ihnen vollmundig ank\u00fcndigen, Luftballons versandkostenfrei zu liefern. Kann man das glauben? Wie ist [&hellip;]<\/p>\n","protected":false},"author":1,"featured_media":0,"parent":0,"menu_order":0,"comment_status":"open","ping_status":"closed","template":"","meta":{"footnotes":""},"class_list":["post-120","page","type-page","status-publish","hentry"],"aioseo_notices":[],"_links":{"self":[{"href":"https:\/\/www.ballonsupermarkt-onlineshop.de\/blog\/wp-json\/wp\/v2\/pages\/120","targetHints":{"allow":["GET"]}}],"collection":[{"href":"https:\/\/www.ballonsupermarkt-onlineshop.de\/blog\/wp-json\/wp\/v2\/pages"}],"about":[{"href":"https:\/\/www.ballonsupermarkt-onlineshop.de\/blog\/wp-json\/wp\/v2\/types\/page"}],"author":[{"embeddable":true,"href":"https:\/\/www.ballonsupermarkt-onlineshop.de\/blog\/wp-json\/wp\/v2\/users\/1"}],"replies":[{"embeddable":true,"href":"https:\/\/www.ballonsupermarkt-onlineshop.de\/blog\/wp-json\/wp\/v2\/comments?post=120"}],"version-history":[{"count":4,"href":"https:\/\/www.ballonsupermarkt-onlineshop.de\/blog\/wp-json\/wp\/v2\/pages\/120\/revisions"}],"predecessor-version":[{"id":3144,"href":"https:\/\/www.ballonsupermarkt-onlineshop.de\/blog\/wp-json\/wp\/v2\/pages\/120\/revisions\/3144"}],"wp:attachment":[{"href":"https:\/\/www.ballonsupermarkt-onlineshop.de\/blog\/wp-json\/wp\/v2\/media?parent=120"}],"curies":[{"name":"wp","href":"https:\/\/api.w.org\/{rel}","templated":true}]}}