{"id":1222,"date":"2010-09-20T13:07:56","date_gmt":"2010-09-20T11:07:56","guid":{"rendered":"http:\/\/ballonsupermarkt-onlineshop.de\/blog\/?page_id=1222"},"modified":"2018-03-19T18:03:22","modified_gmt":"2018-03-19T17:03:22","slug":"kinder-luftballons","status":"publish","type":"page","link":"https:\/\/www.ballonsupermarkt-onlineshop.de\/blog\/kinder-luftballons\/","title":{"rendered":"Kinder Luftballons"},"content":{"rendered":"<h2 style=\"text-align: center;\"><strong>Kinder und Luftballons<\/strong><\/h2>\n<p style=\"text-align: center;\"><strong><a title=\"Kinderluftballons\" href=\"http:\/\/kinderluftballonparty.de\/html\/Kinderluftballons.html\">Kinderluftballons<\/a>, <a title=\"Luftballons f\u00fcr Kinder\" href=\"http:\/\/kinder-luftballons.de\/luftballons-fur-kinder\/\">Luftballons f\u00fcr Kinder<\/a>, die gibt es im <a title=\"Kinderluftballons, Luftballons f\u00fcr Kinder, die gibt es im Ballonsupermarkt-Onlineshop\" href=\"https:\/\/www.ballonsupermarkt-onlineshop.de\/\">Ballonsupermarkt-Onlineshop<\/a>.<\/strong><\/p>\n<p><img loading=\"lazy\" decoding=\"async\" class=\"size-full wp-image-1228\" title=\"kinder-luftballons-vom-ballonsupermarkt\" src=\"https:\/\/www.ballonsupermarkt-onlineshop.de\/blog\/wp-content\/uploads\/2010\/09\/kinder-luftballons-vom-ballonsupermarkt.jpg\" alt=\"Luftballons f\u00fcr Kinder vom Ballonsupermarkt\" width=\"500\" height=\"466\" \/><\/p>\n<p>&nbsp;<\/p>\n<p style=\"text-align: center;\"><a title=\"Kindertr\u00e4ume werden wahr: Mit Luftballons vom Ballonsupermarkt\" href=\"http:\/\/luftballons-info.biz\/html\/kinder_luftballons.html\"><strong>Kindertr\u00e4ume werden wahr<\/strong><\/a>:<\/p>\n<h2 style=\"text-align: center;\"><strong> <a title=\"Luftballons f\u00fcr Kinder, mit Helium zum Versand im Karton\" href=\"..\/..\/shopdata\/Folienballons\/Folienballons+im+Karton\/product_overview.shopscript\"> <span style=\"color: #000080; font-size: medium;\">Luftballons f\u00fcr Kinder, mit Helium zum Versand im Karton<\/span><\/a><\/strong><\/h2>\n<div style=\"font-family: Helvetica,Arial,sans-serif; color: #ffffff;\">\n<div style=\"font-size: smaller;\">\n<h2 style=\"text-align: center;\"><strong> <a title=\"Luftballons mit Helium f\u00fcr Kinder\" href=\"..\/..\/shopdata\/Folienballons\/Folienballons++=28heliumgef=FCllt=29\/product_overview.shopscript\"> <span style=\"color: #000080; font-size: medium;\">Luftballons mit Helium f\u00fcr Kinder<\/span><\/a><\/strong><\/h2>\n<h3 style=\"text-align: center;\"><strong><span style=\"color: #000080; font-size: medium;\"><span style=\"color: #000000;\"><span style=\"color: #ff0000;\"><a title=\"Kinder lieben Luftballons\" href=\"http:\/\/www.luftballons.biz\/de\/luftballons-kinder\"><span style=\"color: #ff0000;\">Kinder lieben Luftballons<\/span><\/a><\/span>: Mit Helium schwebende Luftballone. Das w\u00fcnschen sich die Kinder. Mit <span style=\"color: #ff0000;\"><a title=\"Kinder w\u00fcnschen sich Luftballons mit Begeisterung\" onclick=\"window.open(this.href,this.target,'width=800,height=650,resizable=yes,scrollbars=yes'); return false;\" href=\"http:\/\/www.luftballons.biz\/flowplayer\/player.php?video=Kinder-lieben-Luftballons.flv\" target=\"_blank\"><span style=\"color: #ff0000;\">Begeisterung<\/span><\/a><\/span>!<\/span><\/span><\/strong><\/h3>\n<p><a title=\"Kinder wollen Luftballons\" href=\"http:\/\/kinderluftballonparty.de\/html\/Kinderluftballons.html\"><img loading=\"lazy\" decoding=\"async\" class=\"size-full wp-image-1229\" title=\"kinder-luftballons-kinderluftballons\" src=\"https:\/\/www.ballonsupermarkt-onlineshop.de\/blog\/wp-content\/uploads\/2010\/09\/kinder-luftballons-kinderluftballons.jpg\" alt=\"Kinderluftballons, Kinder lieben Luftballons\" width=\"500\" height=\"276\" \/><\/a><\/p>\n<p>&nbsp;<\/p>\n<\/div>\n<\/div>\n<p align=\"center\"><strong>Luftballons auch f\u00fcr gro\u00dfe Kinder<\/strong><\/p>\n<div id=\"attachment_1232\" style=\"width: 460px\" class=\"wp-caption aligncenter\"><a title=\"Luftballons lieben auch die gro\u00dfen Kinder\" href=\"http:\/\/kinderluftballonparty.de\/html\/Kinderluftballons.html#Luftballons-fuer-grosse-Kinder\"><img loading=\"lazy\" decoding=\"async\" aria-describedby=\"caption-attachment-1232\" class=\"size-full wp-image-1232\" title=\"luftballons-auch-f\u00fcr-gro\u00dfe-kinder\" src=\"https:\/\/www.ballonsupermarkt-onlineshop.de\/blog\/wp-content\/uploads\/2010\/09\/luftballons-auch-fuer-grosse-kinder.jpg\" alt=\"Auch gro\u00dfe Kinder lieben Luftballons\" width=\"450\" height=\"289\" \/><\/a><p id=\"caption-attachment-1232\" class=\"wp-caption-text\">Auch gro\u00dfe Kinder lieben Luftballons<\/p><\/div>\n<p style=\"text-align: center;\"><a title=\"Luftballons vom Ballonsupermarkt lieben auch die gro\u00dfen Kinder\" href=\"http:\/\/www.ballonsupermarkt.de\/html\/luftballons.html\">Luftballons<\/a> vom <a title=\"Ballonsupermarkt, der riesige Shop f\u00fcr Luftballons\" href=\"http:\/\/www.ballonsupermarkt.de\/index.html\">Ballonsupermarkt<\/a> lieben auch die gro\u00dfen Kinder<\/p>\n<p align=\"center\"><object width=\"352\" height=\"288\" classid=\"clsid:d27cdb6e-ae6d-11cf-96b8-444553540000\" codebase=\"http:\/\/download.macromedia.com\/pub\/shockwave\/cabs\/flash\/swflash.cab#version=6,0,40,0\"><param name=\"src\" value=\"http:\/\/kinderluftballonparty.de\/kinderluftballons\/videos\/Kinder-Luftballons.swf\" \/><embed width=\"352\" height=\"288\" type=\"application\/x-shockwave-flash\" src=\"http:\/\/kinderluftballonparty.de\/kinderluftballons\/videos\/Kinder-Luftballons.swf\" \/><\/object><\/p>\n","protected":false},"excerpt":{"rendered":"<p>Kinder und Luftballons Kinderluftballons, Luftballons f\u00fcr Kinder, die gibt es im Ballonsupermarkt-Onlineshop. &nbsp; Kindertr\u00e4ume werden wahr: Luftballons f\u00fcr Kinder, mit Helium zum Versand im Karton Luftballons mit Helium f\u00fcr Kinder Kinder lieben Luftballons: Mit Helium schwebende Luftballone. Das w\u00fcnschen sich die Kinder. Mit Begeisterung! &nbsp; Luftballons auch f\u00fcr gro\u00dfe Kinder Luftballons vom Ballonsupermarkt lieben auch [&hellip;]<\/p>\n","protected":false},"author":1,"featured_media":0,"parent":0,"menu_order":0,"comment_status":"open","ping_status":"closed","template":"","meta":{"footnotes":""},"class_list":["post-1222","page","type-page","status-publish","hentry"],"aioseo_notices":[],"_links":{"self":[{"href":"https:\/\/www.ballonsupermarkt-onlineshop.de\/blog\/wp-json\/wp\/v2\/pages\/1222","targetHints":{"allow":["GET"]}}],"collection":[{"href":"https:\/\/www.ballonsupermarkt-onlineshop.de\/blog\/wp-json\/wp\/v2\/pages"}],"about":[{"href":"https:\/\/www.ballonsupermarkt-onlineshop.de\/blog\/wp-json\/wp\/v2\/types\/page"}],"author":[{"embeddable":true,"href":"https:\/\/www.ballonsupermarkt-onlineshop.de\/blog\/wp-json\/wp\/v2\/users\/1"}],"replies":[{"embeddable":true,"href":"https:\/\/www.ballonsupermarkt-onlineshop.de\/blog\/wp-json\/wp\/v2\/comments?post=1222"}],"version-history":[{"count":1,"href":"https:\/\/www.ballonsupermarkt-onlineshop.de\/blog\/wp-json\/wp\/v2\/pages\/1222\/revisions"}],"predecessor-version":[{"id":2588,"href":"https:\/\/www.ballonsupermarkt-onlineshop.de\/blog\/wp-json\/wp\/v2\/pages\/1222\/revisions\/2588"}],"wp:attachment":[{"href":"https:\/\/www.ballonsupermarkt-onlineshop.de\/blog\/wp-json\/wp\/v2\/media?parent=1222"}],"curies":[{"name":"wp","href":"https:\/\/api.w.org\/{rel}","templated":true}]}}