{"id":255,"date":"2008-12-22T14:26:05","date_gmt":"2008-12-22T12:26:05","guid":{"rendered":"http:\/\/ballonsupermarkt-onlineshop.de\/blog\/?page_id=255"},"modified":"2024-04-03T13:49:17","modified_gmt":"2024-04-03T11:49:17","slug":"luftballons-fasching","status":"publish","type":"page","link":"https:\/\/www.ballonsupermarkt-onlineshop.de\/blog\/luftballons-fasching\/","title":{"rendered":"Luftballons Fasching"},"content":{"rendered":"<p align=\"left\"><span style=\"font-family: Times New Roman;\"><span style=\"text-decoration: underline;\"><a title=\"Luftballons Fasching\" href=\"http:\/\/www.luftballons-info.biz\/html\/fasching.html\">Luftballons Fasching<\/a>:<\/span> <\/span><\/p>\n<p align=\"left\"><span style=\"font-family: Times New Roman;\">Fasching feiern, <a title=\"Fasching\" href=\"http:\/\/de.wikipedia.org\/wiki\/Fasching\"><span style=\"color: #000000;\">Fasching<\/span><\/a> dekorieren, <a title=\"Partydekoration\" href=\"https:\/\/www.ballonsupermarkt-onlineshop.de\/shopdata\/Dekoration\/product_overview.shopscript\"><span style=\"color: #000000;\">Partydekoration<\/span><\/a> zum Fasching, Festdekoration Fasching. Fasching ist der H\u00f6hepunkt der Faschings Narren. Ausgelassen wird gefeiert. Fests\u00e4le werden f\u00fcr Faschingsveranstaltungen dekoriert. Faschingsgirlanden und Faschingsballons stehen im Vordergrund. Der Fasching ist fr\u00f6hlich, lustig und bunt. Da d\u00fcrfen auch bunte <span style=\"color: #000000;\">Luftballons<\/span> nicht fehlen.<\/span><\/p>\n<p align=\"left\"><span style=\"font-family: Times New Roman;\">Zu<span style=\"color: #000000;\"> Fasching-Fastnacht-Karneval<\/span> dekoriert man bunte <a title=\"Zu Fasching, Fastnacht, Karneval dekoriert man bunte Luftballons\" href=\"http:\/\/www.ballonsupermarkt.de\/html\/luftballons.html\"><span style=\"color: #000000;\">Luftballons<\/span><\/a>.<\/span><\/p>\n<p align=\"left\"><span style=\"font-family: Times New Roman;\"><a title=\"Faschings- Fastnachts- Karnevalszeit\" href=\"http:\/\/www.religioeses-brauchtum.de\/fruehjahr\/fastnacht_2.html\"><span style=\"color: #000000;\">Wenn die Narren toben, dann ist die Faschings-, Fastnacht- oder Karnevalszeit.<\/span><\/a> <strong style=\"font-weight: 400;\">Ob<a title=\"Karneval, Fasching, Fassenacht, Fasnet oder Fastnacht\" href=\"http:\/\/www.helles-koepfchen.de\/artikel\/872.html\"><span style=\"color: #000000;\"> Karneval, Fasching, Fassenacht, Fasnet oder Fastnacht<\/span><\/a>, egal wie das ausgelassene Kost\u00fcmfest in anderen Regionen hei\u00dft: Die n\u00e4rrische Zeit feiert man nicht nur bei uns, sondern in vielen Teilen der Welt. Auch in Brasilien und auf Kuba verkleiden sich die Menschen, tanzen auf den Stra\u00dfen und veranstalten kilometerlange &#8222;n\u00e4rrische&#8220; Umz\u00fcge. <\/strong>\u00dcbersch\u00e4umende Lebensfreude und Ausgelassenheit stehen in der Faschingszeit ganz oben. Heiterkeit, Fr\u00f6hlichkeit und Freude stehen im Vordergrund.<\/span><\/p>\n<p align=\"left\"><span style=\"font-family: Times New Roman;\">Fasching und Luftballons. Keine Faschingsfeier oder Faschingssitzung findet ohne<a title=\"Luftballons zu Karneval und Fasching\" href=\"https:\/\/www.ballonsupermarkt-onlineshop.de\/luftballons.html\"><span style=\"color: #000000;\"> Luftballons<\/span><\/a> statt. Bunte Luftballons verzieren<a title=\"Fasching\" href=\"http:\/\/de.wikipedia.org\/wiki\/Karneval,_Fastnacht_und_Fasching#Karneval\"><span style=\"color: #000000;\"> Fasching<\/span><\/a> und<a title=\"Fastnacht\" href=\"http:\/\/de.wikipedia.org\/wiki\/Karneval,_Fastnacht_und_Fasching\"><span style=\"color: #000000;\"> Fastnacht<\/span><\/a>,<a title=\"Fasching\" href=\"http:\/\/de.wikipedia.org\/wiki\/Karnevals-,_Fastnachts-_und_Faschingshochburgen\"><span style=\"color: #000000;\"> Fasching<\/span><\/a> und<a title=\"Fasnacht\" href=\"http:\/\/de.wikipedia.org\/wiki\/Karneval#Fastnacht.2C_Fastelabend.2C_Fasnacht\"><span style=\"color: #000000;\"> Fasnacht<\/span><\/a>. Auf<a title=\"Weiberfastnacht\" href=\"http:\/\/de.wikipedia.org\/wiki\/Weiberfastnacht\"><span style=\"color: #000000;\"> Weiberfastnacht<\/span><\/a>, Nelkensamstag, Tulpensonntag, Rosenmontag, Veilchendienstag oder Fastnachtsdienstag werden zahlreich<a title=\"Luftballone zu Fasching\" href=\"http:\/\/ballonsupermarkt.de\/html\/luftballons__luftballone.html\"><span style=\"color: #000000;\"> Luftballone<\/span><\/a> dekoriert und geschm\u00fcckt, um das lustige Narrentreiben farbenfroher zu gestalten.<br \/>\n<a title=\"Fasching Vereine\" href=\"http:\/\/www.karneval-vereine.de\/\"><span style=\"color: #000000;\">Fasching Vereine<\/span><\/a> setzen unz\u00e4hlige<a title=\"Fasching mit Luftballons\" href=\"http:\/\/www.ballonsupermarkt.de\/html\/karneval.html\"><span style=\"color: #000000;\"> Luftballons<\/span><\/a> auf Terminen und<a title=\"Fasching, Termine und Veranstaltungen\" href=\"http:\/\/www.karneval-vereine.de\/termine\/index.php\"><span style=\"color: #000000;\"> Faschingsveranstaltungen<\/span><\/a> ein, auf Prunksitzung,<a title=\"Faschingsumzug mit Luftballons\" href=\"http:\/\/www.ballonsupermarkt.de\/html\/karneval.html\"><span style=\"color: #000000;\"> Faschingsumzug<\/span><\/a>, Faschingsumzug, KinderFasching und Kinderfasching, Maskenball und Ordensball, \u00fcberall wo Fasching und<a title=\"Fasching mit Luftballons\" href=\"http:\/\/www.luftballons-info.biz\/html\/fasching.html\"><span style=\"color: #000000;\"> Fasching<\/span><\/a> gefeiert wird, sieht man wundersch\u00f6ne<a title=\"Ballondekoration mit Luftballons zu Karneval und Fasching\" href=\"http:\/\/www.ballonsupermarkt.de\/html\/ballondekoration_mit_luftballo.html\"><span style=\"color: #000000;\"> Ballondekorationen<\/span><\/a> mit<a title=\"Luftballons\" href=\"http:\/\/www.ballonsupermarkt.de\/html\/luftballons.html\"><span style=\"color: #000000;\"> Luftballons<\/span><\/a>. <\/span><\/p>\n<p align=\"left\"><span style=\"font-family: Times New Roman;\"><a title=\"Der Ballonsupermarkt-Onlineshop bietet viele bunte Luftballons zu Karneval und Fasching\" href=\"https:\/\/www.ballonsupermarkt-onlineshop.de\/shopdata\/Latexballons\/product_overview.shopscript\"><span style=\"color: #000000;\">Der Ballonsupermarkt-Onlineshop bietet viele bunte Luftballons zu Karneval und Fasching<\/span><\/a>. In<a title=\"Luftballons in Kristallfarben, bunt\" href=\"https:\/\/www.ballonsupermarkt-onlineshop.de\/luftballons\/latexballons-30cm-kristall.html\"><span style=\"color: #000000;\"> Kristallfarben<\/span><\/a>, in <a title=\"Luftballons in Standarfarben 30 cm\" href=\"https:\/\/www.ballonsupermarkt-onlineshop.de\/luftballons\/latexballons-30cm.html\"><span style=\"color: #000000;\">Standardfarben 30 cm<\/span><\/a>,<span style=\"color: #000000;\"> bunt gemischt und in Einzelfarben<\/span>, in <a title=\"Luftballons zu Fasching in Standardfarben 25 cm\" href=\"https:\/\/www.ballonsupermarkt-onlineshop.de\/luftballons\/luftballons-latex-25cm-bunt-gemischte-farben.html\"><span style=\"color: #000000;\">Standardfarben 25 cm<\/span><\/a>, <a title=\"Luftballons zu Tischdekorationen auf Faschingsveranstaltungen\" href=\"https:\/\/www.ballonsupermarkt-onlineshop.de\/luftballons\/latexballons-12cm.html\"><span style=\"color: #000000;\">Luftballons in 12 cm<\/span><\/a> zu Tischdekorationen, in <span style=\"color: #000000;\">Einzelfarben<\/span> und<span style=\"color: #000000;\"> bunt gemischt<\/span>,<a title=\"Luftballons in Metallicfarben zu Karneval und Fasching\" href=\"https:\/\/www.ballonsupermarkt-onlineshop.de\/shopdata\/Latexballons\/Latexballons+25cm+Metallic\/product_overview.shopscript\"><span style=\"color: #000000;\"> Luftballons in Metallicfarben<\/span><\/a>, als<span style=\"color: #000000;\"> Einzelbestellung<\/span> und<span style=\"color: #000000;\"> Bunt<\/span>,<a title=\"Luftballons zu Karnevalsfeier und Faschingsfeier\" href=\"https:\/\/www.ballonsupermarkt-onlineshop.de\/shopdata\/Latexballons\/Latexballons+30cm+Metallic\/product_overview.shopscript\"><span style=\"color: #000000;\"> Luftballons Metallic 30 cm<\/span><\/a>, in<span style=\"color: #000000;\"> Bunt<\/span> und als<span style=\"color: #000000;\"> Einzelfarben<\/span>, <strong style=\"font-weight: 400;\"><a title=\"Faschingsluftballons 40 cm\" href=\"https:\/\/www.ballonsupermarkt-onlineshop.de\/shopdata\/0030_Latexballons\/0180_Latexballons+40cm\/product_overview.shopscript\"><span style=\"color: #000000;\">Luftballons in 40 cm<\/span><\/a>,<a title=\"Faschingsluftballons in 48 cm\" href=\"https:\/\/www.ballonsupermarkt-onlineshop.de\/shopdata\/0030_Latexballons\/0190_Luftballons+Latex+48cm\/product_overview.shopscript\"><span style=\"color: #000000;\"> Luftballons Latex 48 cm<\/span><\/a>,<a title=\"Faschings-Luftballons mit Motiven\" href=\"https:\/\/www.ballonsupermarkt-onlineshop.de\/shopdata\/0030_Latexballons\/0200_Latexballons+mit+Motiven\/product_overview.shopscript\"><span style=\"color: #000000;\"> Luftballons mit Motiven<\/span><\/a>,<a title=\"Faschings-Luftballons mit Zahlen\" href=\"https:\/\/www.ballonsupermarkt-onlineshop.de\/shopdata\/0030_Latexballons\/0210_Latexballons+mit+Zahlen\/product_overview.shopscript\"><span style=\"color: #000000;\"> Luftballons mit Zahlen<\/span><\/a>,<a title=\"Riesenluftballons\" href=\"https:\/\/www.ballonsupermarkt-onlineshop.de\/shopdata\/0030_Latexballons\/0250_RiesenLatexballons+Rund=26amp=3Bslash=3BHerz\/product_overview.shopscript\"><span style=\"color: #000000;\"> Riesenluftballons<\/span><\/a>,<a title=\"Luftballons, Link a Loons, Fasching\" href=\"https:\/\/www.ballonsupermarkt-onlineshop.de\/shopdata\/0030_Latexballons\/0260_Link+a+Loons\/product_overview.shopscript\"><span style=\"color: #000000;\"> Link a Loons<\/span><\/a>,<a title=\"Figurenballons f\u00fcr Faschingsdekorationen und zu KinderFasching\" href=\"https:\/\/www.ballonsupermarkt-onlineshop.de\/shopdata\/0030_Latexballons\/0270_Luftballons+-+Figurenballons\/product_overview.shopscript\"><span style=\"color: #000000;\"> Luftballons &#8211; Figurenballons<\/span><\/a>,<a title=\"Luftballons in Dosen zu Karneval und Fasching\" href=\"https:\/\/www.ballonsupermarkt-onlineshop.de\/shopdata\/0030_Latexballons\/0280_Luftballons\/product_overview.shopscript\"><span style=\"color: #000000;\"> Luftballons in Dosen. <\/span><\/a><a title=\"Luftballons g\u00fcnstig und preiswert im Ballonsupermarkt-Onlineshop zu Karneval und Fasching\" href=\"https:\/\/www.ballonsupermarkt-onlineshop.de\/shopdata\/Latexballons\/Luftballons+g=FCnstig+und+preiswert\/product_overview.shopscript\"><span style=\"color: #000000;\">Luftballons g\u00fcnstig und preiswert finden Sie im Ballonsupermarkt-Onlineshop<\/span><\/a>. <\/strong>Zu Karneval, Faschingsfeiern, Faschingspartys, wo eine<a title=\"Ballondekoration, Dekoration mit Luftballons\" href=\"http:\/\/www.ballonsupermarkt.de\/html\/deko-service.html\"><span style=\"color: #000000;\"> Dekoration mit Luftballons<\/span><\/a> erw\u00fcnscht ist, finden Sie Anleitungen unter<a title=\"Anleitungen zur Ballondeko auf Faschingsfeiern und Faschingspartys\" href=\"http:\/\/www.ballonsupermarkt.de\/html\/ballondeko.html\"><span style=\"color: #000000;\"> Ballondeko<\/span><\/a>. Tipps und weitere Informationen zu Luftballons Fasching bietet der<a title=\"Luftballons Fasching, Dekoration zu Fasching mit Luftballons\" href=\"http:\/\/www.ballonsupermarkt.de\/\"><span style=\"color: #000000;\"> Ballonsupermarkt<\/span><\/a>. <\/span><\/p>\n<p align=\"left\"><span style=\"font-family: Times New Roman;\"><a title=\"Der Ballonsupermarkt-Onlineshop bietet Luftballons und Tipps zu&lt;br&gt;&lt;\/a&gt; Ballondekorationen f\u00fcr Faschingsveranstaltungen\" href=\"https:\/\/www.ballonsupermarkt-onlineshop.de\/ueber_uns\/\"><span style=\"color: #000000;\">Der Ballonsupermarkt-Onlineshop bietet Luftballons und Tipps zu Ballondekorationen f\u00fcr Faschingsveranstaltungen<\/span><\/a>.<\/span><\/p>\n<div id=\"attachment_256\" style=\"width: 310px\" class=\"wp-caption alignnone\"><a href=\"https:\/\/www.ballonsupermarkt-onlineshop.de\"><img loading=\"lazy\" decoding=\"async\" aria-describedby=\"caption-attachment-256\" class=\"size-medium wp-image-256\" title=\"fasching\" src=\"https:\/\/www.ballonsupermarkt-onlineshop.de\/blog\/wp-content\/uploads\/2008\/12\/fasching-300x246.jpg\" alt=\"Fasching mit Luftballons\" width=\"300\" height=\"246\" \/><\/a><p id=\"caption-attachment-256\" class=\"wp-caption-text\">Fasching mit Luftballons<\/p><\/div>\n","protected":false},"excerpt":{"rendered":"<p>Luftballons Fasching: Fasching feiern, Fasching dekorieren, Partydekoration zum Fasching, Festdekoration Fasching. Fasching ist der H\u00f6hepunkt der Faschings Narren. Ausgelassen wird gefeiert. Fests\u00e4le werden f\u00fcr Faschingsveranstaltungen dekoriert. Faschingsgirlanden und Faschingsballons stehen im Vordergrund. Der Fasching ist fr\u00f6hlich, lustig und bunt. Da d\u00fcrfen auch bunte Luftballons nicht fehlen. Zu Fasching-Fastnacht-Karneval dekoriert man bunte Luftballons. Wenn die Narren [&hellip;]<\/p>\n","protected":false},"author":1,"featured_media":0,"parent":0,"menu_order":0,"comment_status":"open","ping_status":"closed","template":"","meta":{"footnotes":""},"class_list":["post-255","page","type-page","status-publish","hentry"],"aioseo_notices":[],"_links":{"self":[{"href":"https:\/\/www.ballonsupermarkt-onlineshop.de\/blog\/wp-json\/wp\/v2\/pages\/255","targetHints":{"allow":["GET"]}}],"collection":[{"href":"https:\/\/www.ballonsupermarkt-onlineshop.de\/blog\/wp-json\/wp\/v2\/pages"}],"about":[{"href":"https:\/\/www.ballonsupermarkt-onlineshop.de\/blog\/wp-json\/wp\/v2\/types\/page"}],"author":[{"embeddable":true,"href":"https:\/\/www.ballonsupermarkt-onlineshop.de\/blog\/wp-json\/wp\/v2\/users\/1"}],"replies":[{"embeddable":true,"href":"https:\/\/www.ballonsupermarkt-onlineshop.de\/blog\/wp-json\/wp\/v2\/comments?post=255"}],"version-history":[{"count":5,"href":"https:\/\/www.ballonsupermarkt-onlineshop.de\/blog\/wp-json\/wp\/v2\/pages\/255\/revisions"}],"predecessor-version":[{"id":3097,"href":"https:\/\/www.ballonsupermarkt-onlineshop.de\/blog\/wp-json\/wp\/v2\/pages\/255\/revisions\/3097"}],"wp:attachment":[{"href":"https:\/\/www.ballonsupermarkt-onlineshop.de\/blog\/wp-json\/wp\/v2\/media?parent=255"}],"curies":[{"name":"wp","href":"https:\/\/api.w.org\/{rel}","templated":true}]}}