{"id":343,"date":"2009-05-25T19:58:51","date_gmt":"2009-05-25T17:58:51","guid":{"rendered":"http:\/\/ballonsupermarkt-onlineshop.de\/blog\/?page_id=343"},"modified":"2024-03-21T12:44:46","modified_gmt":"2024-03-21T11:44:46","slug":"shop-luftballons","status":"publish","type":"page","link":"https:\/\/www.ballonsupermarkt-onlineshop.de\/blog\/shop-luftballons\/","title":{"rendered":"Shop Luftballons"},"content":{"rendered":"<p align=\"center\"><strong>Shop Luftballons:Luftballons kaufen, Luftballons bestellen: Wo ist das sch\u00f6ner, als in unserem Luftballonshop?<br \/>\n<\/strong><\/p>\n<p align=\"center\"><img loading=\"lazy\" decoding=\"async\" title=\"Luftballons im Shop\" src=\"http:\/\/www.luftballons-luftballonshop.de\/assets\/images\/autogen\/a_Ballonsupermarkt-Luftballonshop_01.jpg\" alt=\"Luftballons im Shop\" width=\"400\" height=\"300\" border=\"4\" \/><\/p>\n<p align=\"center\"><strong><a title=\"Luftballonshop\" href=\"http:\/\/www.ballonsupermarkt.de\/html\/luftballonshop.html\">Luftballonshop<\/a><\/strong><\/p>\n<div style=\"width: 410px\" class=\"wp-caption aligncenter\"><a title=\"Angebote im Shop f\u00fcr Luftballons\" href=\"http:\/\/www.luftballons-luftballonshop.de\/html\/der_luftballonshop.html\"><img loading=\"lazy\" decoding=\"async\" title=\"Luftballons im Luftballonshop\" src=\"http:\/\/www.luftballons-luftballonshop.de\/assets\/images\/autogen\/a_Ballonsupermarkt-Luftballonshop_0002.jpg\" alt=\"Luftballons im Luftballonshop\" width=\"400\" height=\"300\" \/><\/a><p class=\"wp-caption-text\">Luftballons im Luftballonshop<\/p><\/div>\n<p align=\"center\"><strong><a title=\"Luftballonshop\" href=\"http:\/\/www.luftballons-luftballonshop.de\/index.html\">Luftballonshop <\/a><\/strong><\/p>\n<p align=\"center\"><strong><a title=\"Ballonshop\" href=\"http:\/\/www.ballonsupermarkt.de\/html\/ballonshop.html\">Ballonshop <\/a><\/strong><\/p>\n<p align=\"center\"><strong><a title=\"Ballonshop Ballongas\" href=\"http:\/\/www.ballonsupermarkt.de\/html\/ballonshop__ballongas__helium_.html\">Ballongas Ballonshop <\/a><\/strong><\/p>\n<p align=\"center\"><span style=\"font-size: x-small; text-decoration: underline;\"><strong>Viele sch\u00f6ne Ideen rund um Luftballons finden Sie auf folgenden Seiten:<\/strong><\/span><\/p>\n<p align=\"center\"><span style=\"font-size: x-small;\"><span style=\"color: #ffffff;\"><a title=\"Luftballons \" href=\"http:\/\/luftballons.biz\/index.html\"> <span style=\"color: #000000;\">Luftballons.biz<\/span><\/a>: <\/span> <span style=\"font-family: Helvetica,Arial,sans-serif; color: #ffffff;\"> <a title=\"Luftballons Hochzeit \" href=\"http:\/\/luftballons-info.biz\/html\/luftballons_hochzeit.html\"> <span style=\"color: #000000;\">Luftballons Hochzeit<\/span><\/a><\/span><span style=\"font-family: Helvetica,Arial,sans-serif; color: #ffffff;\">,<\/span><span style=\"font-family: Helvetica,Arial,sans-serif; color: #ffffff;\"><span style=\"color: #ffffff;\"><a title=\"Luftballons Hochzeit 1A\" href=\"http:\/\/luftballons-hochzeit-1a.de\">Luftballons Hochzeit 1 A<\/a>, <\/span><\/span><\/span><\/p>\n<p align=\"center\"><span style=\"font-size: x-small;\"><span style=\"font-family: Helvetica,Arial,sans-serif; color: #ffffff;\"><span style=\"font-family: Helvetica,Arial,sans-serif; color: #ffffff;\"><a title=\"Luftballons im Ballonsupermarkt \" href=\"http:\/\/ballonsupermarkt.de\/index.html\"> <span style=\"color: #000000;\">Ballonsupermarkt<\/span><\/a><\/span><span style=\"font-family: Helvetica,Arial,sans-serif; color: #ffffff;\"><span style=\"font-family: Helvetica,Arial,sans-serif; color: #ffffff;\">: <\/span> <span style=\"font-family: Helvetica,Arial,sans-serif; color: #ffffff;\"> <a title=\"Alles zu Luftballons \" href=\"http:\/\/ballonsupermarkt.de\/html\/luftballons.html\"> <span style=\"color: #000000;\">Luftballons<\/span><\/a><\/span><span style=\"font-family: Helvetica,Arial,sans-serif; color: #ffffff;\">, <\/span> <span style=\"color: #ffffff;\"> <span style=\"font-family: Helvetica,Arial,sans-serif; color: #ffffff;\"> <a title=\"Luftballons Fachhandel \" href=\"http:\/\/ballonsupermarkt.de\/html\/luftballons_fachhandel.html\"> <span style=\"color: #000000;\">Luftballons Fachhandel<\/span><\/a><\/span><span style=\"font-family: Helvetica,Arial,sans-serif; color: #ffffff;\">, <a title=\"Was sind Luftballons? \" href=\"http:\/\/ballonsupermarkt.de\/html\/luftballons__luftballons.html#Luftballons\"> <span style=\"color: #000000;\">Was sind Luftballons?<\/span><\/a><\/span><span style=\"font-family: Helvetica,Arial,sans-serif; color: #ffffff;\"><span style=\"color: #ffffff;\"><span style=\"font-family: Helvetica,Arial,sans-serif; color: #ffffff;\"> <span style=\"color: #ffffff;\"> <span style=\"font-family: Helvetica,Arial,sans-serif; color: #ffffff;\"> <a title=\"Was sind Luftballons aus Latex, Latexballons? \" href=\"http:\/\/ballonsupermarkt.de\/html\/luftballons__latexballons.html#Luftballons\"> <span style=\"color: #000000;\">Was sind Luftballons aus Latex?<\/span><\/a><\/span><span style=\"font-family: Helvetica,Arial,sans-serif; color: #ffffff;\">, <span style=\"font-family: Helvetica,Arial,sans-serif; color: #ffffff;\"> <a title=\"Was sind Folienluftballons? \" href=\"http:\/\/ballonsupermarkt.de\/html\/luftballons__folienballons.html#Luftballons\"> <span style=\"color: #000000;\">Was sind Folienluftballons?<\/span><\/a><\/span><span style=\"font-family: Helvetica,Arial,sans-serif; color: #ffffff;\">, <a title=\"Ballonshop, Ballongas, Helium, Luftballons \" href=\"http:\/\/ballonsupermarkt.de\/html\/ballonshop__ballongas__helium_.html\"> <span style=\"color: #000000;\">Ballonshop Luftballons<\/span><\/a><\/span><span style=\"font-family: Helvetica,Arial,sans-serif; color: #ffffff;\">, <\/span> <span style=\"font-family: Helvetica,Arial,sans-serif; color: #ffffff;\"><a title=\"Aktuelles zu Luftballons im Ballonsupermarkt \" href=\"http:\/\/ballonsupermarkt.de\/html\/ballonsupermarkt_aktuell__luft.html\">Aktuelles zu Luftballons im Ballonsupermarkt<\/a> <span style=\"font-family: Helvetica,Arial,sans-serif; color: #ffffff;\"><a title=\"Wissenswertes zu Luftballons, Ballongas und Helium \" href=\"http:\/\/ballonsupermarkt.de\/html\/ballonsupershop.htm\"> <span style=\"color: #000000;\">Wissenswertes zu Luftballons, Ballongas und Helium<\/span><\/a><\/span><span style=\"font-family: Helvetica,Arial,sans-serif; color: #ffffff;\">.<\/span><\/span><\/span><\/span><\/span><\/span><\/span><\/span><\/span><\/span><\/span><\/p>\n<p align=\"center\"><span style=\"font-family: Helvetica,Arial,sans-serif; color: #ffffff;\"><a title=\"Luftballons im Luftballonshop \" href=\"http:\/\/www.ballonsupermarkt.de\/\"> <span style=\"color: #000000;\">Luftballons im Luftballonshop<\/span><\/a><\/span><span style=\"font-family: Helvetica,Arial,sans-serif; color: #ffffff;\"><span style=\"font-family: Helvetica,Arial,sans-serif; color: #ffffff;\">: <\/span> <span style=\"font-family: Helvetica,Arial,sans-serif; color: #ffffff;\"> <a title=\"Informationen zu Luftballons im Luftballonshop \" href=\"http:\/\/www.ballonsupermarkt.de\/html\/luftballons_info.htm\"> <span style=\"color: #000000;\">Luftballons Info<\/span><\/a><\/span><span style=\"font-family: Helvetica,Arial,sans-serif; color: #ffffff;\">, <\/span> <span style=\"color: #ffffff;\"> <span style=\"font-family: Helvetica,Arial,sans-serif; color: #ffffff;\"> <a title=\"Luftballonshop-Luftballons \" href=\"http:\/\/www.ballonsupermarkt.de\/html\/luftballons.html\"> <span style=\"color: #000000;\">Luftballons<\/span><\/a><\/span><span style=\"font-family: Helvetica,Arial,sans-serif; color: #ffffff;\"><span style=\"color: #ffffff;\"><span style=\"font-family: Helvetica,Arial,sans-serif; color: #ffffff;\">, <\/span> <span style=\"font-family: Helvetica,Arial,sans-serif; color: #ffffff;\"> <span style=\"color: #ffffff;\"> <span style=\"font-family: Helvetica,Arial,sans-serif; color: #ffffff;\"> <a title=\"Luftballons mit Musik im Luftballonshop \" href=\"http:\/\/www.ballonsupermarkt.de\/html\/happy_birthday_melody.html\"> <span style=\"color: #000000;\">Musikluftballons<\/span><\/a><\/span><span style=\"color: #ffffff;\">.<\/span><\/span><\/span><\/span><\/span><\/span><\/span><\/p>\n<p align=\"center\"><span style=\"font-size: x-small; font-family: Helvetica,Arial,sans-serif; color: #ffffff;\"><a title=\"Ballonshop \" href=\"http:\/\/www.ballonshop.biz\/\"> <span style=\"color: #000000;\"> Luftballons im Ballonshop<\/span><\/a><\/span><span style=\"font-family: Helvetica,Arial,sans-serif; color: #ffffff;\"><span style=\"font-family: Helvetica,Arial,sans-serif; color: #ffffff;\">: <\/span> <span style=\"font-family: Helvetica,Arial,sans-serif; color: #ffffff;\"> <a title=\"Luftballons im Ballonshop \" href=\"http:\/\/ballonshop.biz\/html\/luftballons.html\"> <span style=\"color: #000000;\">Luftballons<\/span><\/a><\/span><span style=\"font-family: Helvetica,Arial,sans-serif; color: #ffffff;\">, <\/span> <span style=\"font-family: Helvetica,Arial,sans-serif; color: #ffffff;\"> <a title=\"Luftballons im Ballonshop Hagen \" href=\"http:\/\/ballonshop.biz\/html\/ballonshop_hagen.html\"> <span style=\"color: #000000;\">Luftballons im Ballonshop Hagen<\/span><\/a><\/span><span style=\"font-family: Helvetica,Arial,sans-serif; color: #ffffff;\">, <\/span> <span style=\"font-family: Helvetica,Arial,sans-serif; color: #ffffff;\"> <a title=\"Helium-Tipps zu Luftballons \" href=\"http:\/\/ballonshop.biz\/html\/helium_tipps.html\"> <span style=\"color: #000000;\">Helium-Tipps zu Luftballons<\/span><\/a><\/span><span style=\"font-family: Helvetica,Arial,sans-serif; color: #ffffff;\">, <\/span> <span style=\"font-family: Helvetica,Arial,sans-serif; color: #ffffff;\"> <a title=\"Die Kr\u00f6nung der Luftballons \" href=\"http:\/\/ballonshop.biz\/html\/folienballons__die_kronung_der.html\"> <span style=\"color: #000000;\">Die Kr\u00f6nung der Luftballons<\/span><\/a><\/span><span style=\"color: #ffffff;\"><span style=\"font-family: Helvetica,Arial,sans-serif; color: #ffffff;\">.<\/span><\/span><\/span><\/p>\n<p align=\"center\"><strong>Im unserem <a title=\"Shop f\u00fcr Luftballons: So viele Luftballons haben Sie noch nie in einem Shop gesehen!\" href=\"https:\/\/www.ballonsupermarkt-onlineshop.de\/shopdata\/shop.shopscript\">Shop<\/a> f\u00fcr <a title=\"Luftballons\" href=\"https:\/\/www.ballonsupermarkt-onlineshop.de\/shopdata\/luftballons.shopscript\">Luftballons<\/a> finden Sie eine \u00fcberragende Auswahl an verschiedenfarbigen und in Form und Gr\u00f6\u00dfe verschiedenartigen <a title=\"Luftballons im Ballonsupermarkt-Onlineshop\" href=\"https:\/\/www.ballonsupermarkt-onlineshop.de\/shopdata\/Latexballons\/product_overview.shopscript\">Luftballons<\/a>, <\/strong><\/p>\n<p align=\"center\"><a title=\"Der Shop f\u00fcr Luftballons\" href=\"https:\/\/www.ballonsupermarkt-onlineshop.de\/shopdata\/shop.shopscript\"><img loading=\"lazy\" decoding=\"async\" title=\"Der Shop f\u00fcr Luftballons\" src=\"http:\/\/www.luftballons-luftballonshop.de\/assets\/images\/autogen\/a_Ballonsupermarkt-Luftballonshop_0001.jpg\" alt=\"Der Shop f\u00fcr Luftballons\" width=\"446\" height=\"190\" \/><\/a><\/p>\n<p align=\"center\"><strong> <span style=\"font-family: Helvetica,Arial,sans-serif; color: #ffffff;\"> <span style=\"color: #ffffff;\"> <a title=\"Der Riesige Ballonshop in Hagen\" href=\"http:\/\/ballonshop.biz\/html\/hagen.html\"> <span style=\"color: #000000;\">Hagen<\/span><\/a><\/span><\/span><span style=\"font-family: Helvetica,Arial,sans-serif;\">, <\/span><span style=\"font-family: Helvetica,Arial,sans-serif; color: #ffffff;\"> <a title=\"Ballonshop Hagen, Luftballone in allen Variationen finden Sie in unseren Ausstellungsr\u00e4umen\" href=\"http:\/\/ballonshop.biz\/html\/ballonshop_hagen.html\"> <span style=\"color: #000000;\">Ballonshop Hagen<\/span><\/a><\/span><span style=\"font-family: Helvetica,Arial,sans-serif; color: #ffffff;\">, <a title=\"Der riesige Ballonshop in Hagen. Ballonsupermarkt, der Versandhandel f\u00fcr Luftballone aller Art, Folienballons, so weit das Auge reicht\" href=\"http:\/\/ballonshop.biz\/html\/ballonshop_hagen_2.html\"> <span style=\"color: #000000;\">Hagens Ballonshop<\/span><\/a><\/span><span style=\"font-family: Helvetica,Arial,sans-serif; color: #ffffff;\">, <\/span><span style=\"font-family: Helvetica,Arial,sans-serif; color: #ffffff;\"> <a title=\"Hochzeitsdeko, Hochzeitsgirlanden, Hochzeitskonfetti, Bl\u00fctendeko, Herzdeko, Hochzeitsdekoration und Ballons im riesigen Ballonshop in Hagen\" href=\"http:\/\/ballonshop.biz\/html\/ballonshop_hagen_3.html\"> <span style=\"color: #000000;\">riesiger Ballonshop Hagen<\/span><\/a><\/span><span style=\"font-family: Helvetica,Arial,sans-serif; color: #ffffff;\">, <\/span><span style=\"font-family: Helvetica,Arial,sans-serif; color: #ffffff;\"> <a title=\"Ballongas, Helium, Luftballons, Singende Ballons und Gru\u00dfkarten im Ballonshop Hagen\" href=\"http:\/\/ballonshop.biz\/html\/ballonshop_hagen_4.html\"> <span style=\"color: #000000;\">Hagen\u2019s Ballonshop<\/span><\/a><\/span><span style=\"font-family: Helvetica,Arial,sans-serif; color: #ffffff;\">, <\/span><span style=\"font-family: Helvetica,Arial,sans-serif; color: #ffffff;\"> <span style=\"color: #ffffff;\"> <a title=\"Der riesige Ballonshop in Hagen bietet Ballonzubeh\u00f6r in riesiger Auswahl\" href=\"http:\/\/ballonshop.biz\/html\/ballonshop_hagen_5.html\"> <span style=\"color: #000000;\">der Ballonshop in Hagen<\/span><\/a><\/span><\/span><span style=\"font-family: Helvetica,Arial,sans-serif;\">.<\/span><\/strong><\/p>\n<p align=\"center\"><strong><a title=\"Luftballons aus Latex\" href=\"https:\/\/www.ballonsupermarkt-onlineshop.de\/shopdata\/luftballons-latex.shopscript\">Luftballons aus Latex<\/a> &#8211; <a title=\"Latexballons\" href=\"http:\/\/www.ballonsupermarkt.de\/html\/latexballons.html\">Latexballons<\/a> und <a title=\"Luftballons aus Folie\" href=\"https:\/\/www.ballonsupermarkt-onlineshop.de\/shopdata\/luftballons-folie.shopscript\">Luftballons aus Folie<\/a> &#8211; <a title=\"Folienballons\" href=\"https:\/\/www.ballonsupermarkt-onlineshop.de\/shopdata\/Folienballons\/product_overview.shopscript\">Folienballons<\/a> in guter Qualit\u00e4t. Der <a title=\"Ballonsupermarkt: Der Fachhandel f\u00fcr Luftballons\" href=\"http:\/\/www.ballonsupermarkt.de\/\">Ballonsupermarkt<\/a> ist ein <a title=\"Luftballons Fachhandel\" href=\"http:\/\/www.ballonsupermarkt.de\/html\/luftballons_fachhandel.html\">Fachhandel<\/a> f\u00fcr <a title=\"Ballons\" href=\"http:\/\/www.ballons-im-ballonsupermarkt.de\/html\/luftballons_hochzeit.html\">Ballons<\/a> aller Art.<\/strong><\/p>\n<p align=\"center\"><a title=\"Wo bestellen wir Luftballons und Ballongas?\" href=\"https:\/\/www.ballonsupermarkt-onlineshop.de\/shopdata\/info2.shopscript\"><img loading=\"lazy\" decoding=\"async\" title=\"Luftballons und Ballongas finden?\" src=\"http:\/\/www.heliumshop.de\/assets\/images\/autogen\/a_Wo_Ballongas_finden_.jpg\" alt=\"Luftballons und Ballongas finden?\" width=\"250\" height=\"300\" \/><\/a><\/p>\n<p align=\"center\">\n<p align=\"center\"><a title=\"Ballonshop Angebote\" href=\"http:\/\/ballonshop.biz\/html\/ballonshop_angebote.html\"><img loading=\"lazy\" decoding=\"async\" title=\"Luftballons im Ballonshop\" src=\"http:\/\/ballonshop.biz\/assets\/images\/autogen\/a_Luftballons_Angebote_1.gif\" alt=\"Luftballons im Ballonshop\" width=\"77\" height=\"178\" \/><\/a><\/p>\n<p align=\"center\"><span style=\"text-decoration: underline;\"><strong><span style=\"font-size: small;\">N\u00fctzliche Informationen zu Luftballons erhalten Sie hier:<\/span><\/strong><\/span><\/p>\n<p align=\"center\"><span style=\"font-size: x-small;\"><span style=\"color: #ffffff;\"><a title=\"N\u00fctzliche Informationen zu Luftballons \" href=\"http:\/\/ballonsupermarkt.de\/html\/luftballons_info.htm\"> <span style=\"color: #000000;\">Luftballons Info<\/span><\/a>, <\/span> <span style=\"font-family: Helvetica,Arial,sans-serif; color: #ffffff;\"> <a title=\"N\u00fctzliche Informationen zu Luftballons. Wie verknotet man Luftballons? \" href=\"http:\/\/ballonsupermarkt.de\/html\/luftballons_knoten.htm\"> <span style=\"color: #000000;\">Luftballons knoten<\/span><\/a>, <\/span> <span style=\"font-family: Helvetica,Arial,sans-serif; color: #ffffff;\"> <a title=\"N\u00fctzliche Informationen zu Luftballons: Was k\u00f6nnen Luftballons mit Helium bef\u00f6rdern? \" href=\"http:\/\/ballonsupermarkt.de\/html\/luftballon_tragfahigkeit.htm\"> <span style=\"color: #000000;\">Tragf\u00e4higkeit von Luftballons<\/span><\/a> mit <a title=\"N\u00fctzliche Informationen zu Helium f\u00fcr Luftballons \" href=\"http:\/\/ballonsupermarkt.de\/html\/helium_info.htm#Helium\"> <span style=\"color: #000000;\">Helium<\/span><\/a>. <a title=\"N\u00fctzliche Informationen zu Luftballons: Warum fliegen oder schweben Luftballons mit Helium? \" href=\"http:\/\/ballonsupermarkt.de\/html\/helium_info.htm#Luftballonsfliegen\"> <span style=\"color: #000000;\">Warum fliegen oder schweben Luftballons mit Helium?<\/span><\/a> <a title=\"N\u00fctzliche Informationen zu Luftballons: Wie bef\u00fcllt man Herzluftballons? Wie kann man Herzluftballons aufblasen? \" href=\"http:\/\/ballonsupermarkt.de\/html\/luftballons-herzballons-aufbla.html\"> <span style=\"color: #000000;\">Wie bef\u00fcllt man Herzluftballons?<\/span><\/a> <a title=\"N\u00fctzliche Informationen zu Luftballons: Wie lange halten Folienluftballons mit Helium? \" href=\"http:\/\/ballonsupermarkt.de\/html\/folienballons_dekoration.html#Folienballons-Haltbarkeit\"> <span style=\"color: #000000;\">Wie lange halten Folienluftballons mit Helium?<\/span><\/a> <a title=\"N\u00fctzliche Informationen zu Luftballons: Wie bef\u00fcllt man Luftballons mit Helium? Wie sollte man Luftballons behandeln und aufblasen um Schaden zu vermeiden? \" href=\"http:\/\/ballonsupermarkt.de\/html\/luftballons_aufblasen.htm\"> <span style=\"color: #000000;\">Wie bef\u00fcllt man Luftballons mit Helium?<\/span><\/a> <a title=\"N\u00fctzliche Informationen zu Luftballons: Wie kann man Figurenluftballons aufblasen? \" href=\"http:\/\/ballonsupermarkt.de\/html\/figurenballons_aufblasen.html\"> <span style=\"color: #000000;\">Wie kann man Figurenluftballons aufblasen?<\/span><\/a> <a title=\"N\u00fctzliche Informationen zu Luftballons: Welche Formen und Arten gibt es bei Luftballons? \" href=\"http:\/\/ballonsupermarkt.de\/html\/luftballons_formen_und__arten.htm\"> <span style=\"color: #000000;\">Welche Formen und Arten gibt es bei Luftballons?<\/span><\/a> <a title=\"N\u00fctzliche Informationen zu Luftballons: Wie werden Luftballons hergestellt? \" href=\"http:\/\/ballonsupermarkt.de\/html\/wie_werden_luftballons_hergest.htm\"> <span style=\"color: #000000;\">Wie werden Luftballons hergestellt?<\/span><\/a> <a title=\"Luftballons im Gro\u00dfhandel kaufen \" href=\"http:\/\/ballonsupermarkt.de\/html\/luftballons_grosshandel.html\"> <span style=\"color: #000000;\">Luftballons im Gro\u00dfhandel kaufen<\/span><\/a>.<\/span><\/span><\/p>\n","protected":false},"excerpt":{"rendered":"<p>Shop Luftballons:Luftballons kaufen, Luftballons bestellen: Wo ist das sch\u00f6ner, als in unserem Luftballonshop? Luftballonshop Luftballonshop Ballonshop Ballongas Ballonshop Viele sch\u00f6ne Ideen rund um Luftballons finden Sie auf folgenden Seiten: Luftballons.biz: Luftballons Hochzeit,Luftballons Hochzeit 1 A, Ballonsupermarkt: Luftballons, Luftballons Fachhandel, Was sind Luftballons? Was sind Luftballons aus Latex?, Was sind Folienluftballons?, Ballonshop Luftballons, Aktuelles zu Luftballons [&hellip;]<\/p>\n","protected":false},"author":1,"featured_media":0,"parent":0,"menu_order":0,"comment_status":"open","ping_status":"closed","template":"","meta":{"footnotes":""},"class_list":["post-343","page","type-page","status-publish","hentry"],"aioseo_notices":[],"_links":{"self":[{"href":"https:\/\/www.ballonsupermarkt-onlineshop.de\/blog\/wp-json\/wp\/v2\/pages\/343","targetHints":{"allow":["GET"]}}],"collection":[{"href":"https:\/\/www.ballonsupermarkt-onlineshop.de\/blog\/wp-json\/wp\/v2\/pages"}],"about":[{"href":"https:\/\/www.ballonsupermarkt-onlineshop.de\/blog\/wp-json\/wp\/v2\/types\/page"}],"author":[{"embeddable":true,"href":"https:\/\/www.ballonsupermarkt-onlineshop.de\/blog\/wp-json\/wp\/v2\/users\/1"}],"replies":[{"embeddable":true,"href":"https:\/\/www.ballonsupermarkt-onlineshop.de\/blog\/wp-json\/wp\/v2\/comments?post=343"}],"version-history":[{"count":4,"href":"https:\/\/www.ballonsupermarkt-onlineshop.de\/blog\/wp-json\/wp\/v2\/pages\/343\/revisions"}],"predecessor-version":[{"id":3058,"href":"https:\/\/www.ballonsupermarkt-onlineshop.de\/blog\/wp-json\/wp\/v2\/pages\/343\/revisions\/3058"}],"wp:attachment":[{"href":"https:\/\/www.ballonsupermarkt-onlineshop.de\/blog\/wp-json\/wp\/v2\/media?parent=343"}],"curies":[{"name":"wp","href":"https:\/\/api.w.org\/{rel}","templated":true}]}}