{"id":38,"date":"2007-11-15T20:12:41","date_gmt":"2007-11-15T18:12:41","guid":{"rendered":"http:\/\/www.ballonsupershop.de\/blog\/gluckliche-silvesterfeier\/"},"modified":"2024-04-18T13:49:42","modified_gmt":"2024-04-18T11:49:42","slug":"gluckliche-silvesterfeier","status":"publish","type":"page","link":"https:\/\/www.ballonsupermarkt-onlineshop.de\/blog\/gluckliche-silvesterfeier\/","title":{"rendered":"Gl\u00fcckliche Silvesterfeier!"},"content":{"rendered":"<p><strong>Ein gl\u00fcckliches Silvesterfest.<\/strong><\/p>\n<p>Man denkt&#8230;. nach einem gl\u00fccklichen Silvesterabend muss ein gl\u00fcckliches neues Jahr folgen. Das ist sicherlich richtig. Wenn man daran glaubt, ist es der erste Schritt zur Verwirklichung.<\/p>\n<p>Doch wie kommt das Gl\u00fcck auf die Silvesterfeier? Sollten wir dies dem Zufall \u00fcberlassen, oder darauf vertrauen, dass mit guten Absichten das Ziel schon sehr nah ist?<\/p>\n<p>Das mit dem Gl\u00fcck ist n\u00e4mlich oft gar nicht so einfach!<\/p>\n<p>Gute Musik? Das ist leider Geschmacksache und nicht jedermann kann infiziert werden. F\u00fcr manch einen ist eine schlechte Wahl glatt schon der Ausl\u00f6ser f\u00fcr das Gegenteil!<\/p>\n<p>Gutes Essen? Ist ja schon Voraussetzung, wird allseits erwartet und schon als Normal empfunden.<\/p>\n<p>Gute Drinks? Vorsicht zu viel Gl\u00fcck ist auch nicht gut!<\/p>\n<p><strong>Aber wie w\u00e4re es mit Luftballons die Gl\u00fcck erf\u00fcllen?<\/strong><\/p>\n<p>Die kennt kaum einer! Man erwartet nicht unbedingt &#8222;Das kennen wir schon&#8220;. Eher: Ja das kennen wir schon zur Hochzeit. Aber zu Silvester? Wie originell! Sch\u00f6ne Feuerwerks-Luftballons entschweben mit einer Wunschkarte in den Himmel und \u00fcberbringen dort die W\u00fcnsche zum Gl\u00fcck, die man zum Abflug bestellt hat. Diese Zeremonie ist doch sehr verhei\u00dfungsvoll und vielversprechend. Man ist zu Silvester schon gl\u00fccklich wenn man nur daran denkt, dass man den aufregenden Gl\u00fccksflug der Heliumballons erleben darf. Der ganze Abend steigert sich mit Vorfreude und man sehnt den entscheidenden Augenblick herbei, wenn endlich die Gl\u00fcck verhei\u00dfenden Gl\u00fccksluftballons zum Steigen gebracht werden. Ein Feuerwerk mit schwebenden Ballons! Das ist doch einmal etwas ganz Besonderes. <strong>Viel Gl\u00fcck!<\/strong><\/p>\n<p><a title=\"Gl\u00fccksluftballons zu Silvester\" href=\"http:\/\/luftballons-info.biz\/html\/sylvesterflugballons.html\"><img loading=\"lazy\" decoding=\"async\" title=\"Gl\u00fccksluftballons\" src=\"http:\/\/www.luftballons-luftballonshop.de\/assets\/images\/autogen\/a_Luftballons-steigen-mit-Wunschkarten-im-Silvesterhimmel.jpg\" alt=\"Luftballons-steigen-mit-Wunschkarten-im-Silvesterhimmel\" width=\"300\" height=\"300\" \/><\/a><\/p>\n<h1 style=\"text-align: left;\"><span style=\"font-size: small;\"><a title=\"Silvesterflug-Ballons-Luftballons-Silvester\" href=\"http:\/\/luftballons-info.biz\/html\/sylvesterflugballons.html\" name=\"Silvesterflug-Ballons-Luftballons-Silvester\"> <span style=\"color: #000000;\">Silvesterflugballons<\/span><\/a><\/span><\/h1>\n<h1 style=\"text-align: left;\"><a title=\"Silvester-Luftballons\" href=\"http:\/\/luftballons-info.biz\/html\/sylvester.html\" name=\"Silvester-Luftballons\"> <span style=\"font-size: small; color: #000000;\">Silvester<\/span><\/a><span style=\"font-size: small;\"> &#8211; <a title=\"Silvesterwunsch mit Luftballons, W\u00fcnsche zu Silvester gehen in Erf\u00fcllung. Luftballons mit Wunschkarte zu Silvester steigen lassen\" href=\"http:\/\/luftballons-info.biz\/html\/sylvesterwunsch.html\"><span style=\"color: #000000;\">Silvesterwunsch<\/span><\/a> &#8211; <a title=\"Silvesterflug mit Luftballons. Silvester-Luftballons steigen in den Silvesterhimmel und erf\u00fcllen Silvesterw\u00fcnsche\" href=\"http:\/\/luftballons-info.biz\/html\/sylvesterflug.html\" name=\"Silvesterflug-mit-Luftballons\"> <span style=\"color: #000000;\">Silvesterflug<\/span><\/a><\/span><\/h1>\n<h2><span style=\"color: #000000;\"><a title=\"Silvester\" href=\"http:\/\/www.ballonsupermarkt.de\/html\/sylvester.html\"> Viele weitere sch\u00f6ne Artikel auch zu Silvester.<br \/>\nSilvester im Ballonsupermarkt. <\/a><\/span><\/h2>\n<h2><span style=\"color: #000000;\"><a title=\"Silvester mit Ballons\" href=\"http:\/\/www.ballonsupermarkt.de\/html\/sylvester_mit_ballons.html\">Silvester mit Ballons. <\/a><\/span><\/h2>\n<p><strong><a title=\"Luftballons Silvester\" href=\"http:\/\/www.luftballons-luftballonshop.de\/html\/silvester.html\">Luftballons Silvester<\/a><\/strong><\/p>\n<p><a title=\"Party-Deko-Shop\" href=\"http:\/\/www.ballonsupermarkt.de\/html\/Party-Deko-Shop.html\"><strong>Party-Deko-Shop<\/strong><\/a><\/p>\n","protected":false},"excerpt":{"rendered":"<p>Ein gl\u00fcckliches Silvesterfest. Man denkt&#8230;. nach einem gl\u00fccklichen Silvesterabend muss ein gl\u00fcckliches neues Jahr folgen. Das ist sicherlich richtig. Wenn man daran glaubt, ist es der erste Schritt zur Verwirklichung. Doch wie kommt das Gl\u00fcck auf die Silvesterfeier? Sollten wir dies dem Zufall \u00fcberlassen, oder darauf vertrauen, dass mit guten Absichten das Ziel schon sehr [&hellip;]<\/p>\n","protected":false},"author":1,"featured_media":0,"parent":0,"menu_order":0,"comment_status":"open","ping_status":"closed","template":"","meta":{"footnotes":""},"class_list":["post-38","page","type-page","status-publish","hentry"],"aioseo_notices":[],"_links":{"self":[{"href":"https:\/\/www.ballonsupermarkt-onlineshop.de\/blog\/wp-json\/wp\/v2\/pages\/38","targetHints":{"allow":["GET"]}}],"collection":[{"href":"https:\/\/www.ballonsupermarkt-onlineshop.de\/blog\/wp-json\/wp\/v2\/pages"}],"about":[{"href":"https:\/\/www.ballonsupermarkt-onlineshop.de\/blog\/wp-json\/wp\/v2\/types\/page"}],"author":[{"embeddable":true,"href":"https:\/\/www.ballonsupermarkt-onlineshop.de\/blog\/wp-json\/wp\/v2\/users\/1"}],"replies":[{"embeddable":true,"href":"https:\/\/www.ballonsupermarkt-onlineshop.de\/blog\/wp-json\/wp\/v2\/comments?post=38"}],"version-history":[{"count":1,"href":"https:\/\/www.ballonsupermarkt-onlineshop.de\/blog\/wp-json\/wp\/v2\/pages\/38\/revisions"}],"predecessor-version":[{"id":3184,"href":"https:\/\/www.ballonsupermarkt-onlineshop.de\/blog\/wp-json\/wp\/v2\/pages\/38\/revisions\/3184"}],"wp:attachment":[{"href":"https:\/\/www.ballonsupermarkt-onlineshop.de\/blog\/wp-json\/wp\/v2\/media?parent=38"}],"curies":[{"name":"wp","href":"https:\/\/api.w.org\/{rel}","templated":true}]}}