{"id":48,"date":"2007-12-29T17:36:35","date_gmt":"2007-12-29T15:36:35","guid":{"rendered":"http:\/\/www.ballonsupershop.de\/blog\/18-geburtstag\/"},"modified":"2024-03-21T12:11:30","modified_gmt":"2024-03-21T11:11:30","slug":"18-geburtstag","status":"publish","type":"page","link":"https:\/\/www.ballonsupermarkt-onlineshop.de\/blog\/18-geburtstag\/","title":{"rendered":"Geburtstag zum 18."},"content":{"rendered":"<h1 style=\"font-size: 14px; text-align: center;\" align=\"center\"><strong>18. Geburtstag<\/strong><\/h1>\n<p align=\"center\"><a title=\"18. Geburtstag\" href=\"http:\/\/www.ballonsupermarkt.de\/html\/18_geburtstag.html\">Ein ganz besonderer Geburtstag<\/a><\/p>\n<p align=\"center\"><a title=\"Geburtstag 18\" href=\"http:\/\/www.ballonsupermarkt.de\/html\/18_geburtstag.html\"><img loading=\"lazy\" decoding=\"async\" src=\"http:\/\/www.ballonsupermarkt.de\/assets\/images\/autogen\/a_Happy_18_th_Birthday_Set_Geburtstag.jpg\" alt=\"18. Geburtstag Geburtstags\u00fcberraschung\" width=\"290\" height=\"205\" \/><\/a><\/p>\n<p><span style=\"font-size: 16px;\">18. Geburtstag: <a title=\"Sch\u00f6ne Geburtstagsideen 18. Geburtstag\" href=\"https:\/\/www.ballonsupermarkt-onlineshop.de\/shopdata\/Geburtstag\/Besondere+Geburtstage\/Geburtstag+18.\/product_overview.shopscript\"><span style=\"color: #000000;\">Sch\u00f6ne Geburtstagsideen zum 18. Geburtstag<\/span><\/a>. <a title=\"Dekoration 18. Geburtstag\" href=\"https:\/\/www.ballonsupermarkt-onlineshop.de\/shopdata\/Geburtstag\/Besondere+Geburtstage\/Geburtstag+18.\/Geburtstag+18.+Dekoration\/product_overview.shopscript\"><span style=\"color: #000000;\">Der 18. Geburtstag verdient eine besondere Geburtstagsfeier mit Dekoration<\/span><\/a>. <a title=\"18. Geburtstag\" href=\"https:\/\/www.ballonsupermarkt-onlineshop.de\/shopdata\/Geburtstag\/Besondere+Geburtstage\/Geburtstag+18.\/Geburtstag+18+Luftballons\/product_overview.shopscript\"><span style=\"color: #000000;\">Besonders toll ist die Deko zum 18. Geburtstag mit Luftballons<\/span><\/a>. <a title=\"Geburtstag 18 Geburtstagsdeko\" href=\"https:\/\/www.ballonsupermarkt-onlineshop.de\/shopdata\/Geburtstag\/Besondere+Geburtstage\/Geburtstag+18.\/Geburtstag+18+Geburtstagsdeko-Sets\/product_overview.shopscript\"><span style=\"color: #000000;\">Feiern Sie den 18. Geburtstag mit Geburtstagsdeko-Sets<\/span><\/a>.<br \/>\n<\/span><\/p>\n<p style=\"text-align: center;\"><a href=\"https:\/\/www.ballonsupermarkt-onlineshop.de\/folienballons\/folienballons-ungefullt\/luftballons-aus-folie-grosse-zahlen-100-cm-pink.html\"><img loading=\"lazy\" decoding=\"async\" class=\"aligncenter size-full wp-image-2634\" src=\"https:\/\/www.ballonsupermarkt-onlineshop.de\/blog\/wp-content\/uploads\/2018\/03\/Grosse-Zahlen-Luftballons-zum-18.-Geburtstag.jpg\" alt=\"Gro\u00dfe Zahlen-Luftballons zum 18. Geburtstag\" width=\"300\" height=\"614\" srcset=\"https:\/\/www.ballonsupermarkt-onlineshop.de\/blog\/wp-content\/uploads\/2018\/03\/Grosse-Zahlen-Luftballons-zum-18.-Geburtstag.jpg 300w, https:\/\/www.ballonsupermarkt-onlineshop.de\/blog\/wp-content\/uploads\/2018\/03\/Grosse-Zahlen-Luftballons-zum-18.-Geburtstag-147x300.jpg 147w\" sizes=\"auto, (max-width: 300px) 100vw, 300px\" \/><\/a><\/p>\n<p><a title=\"Geburtstag\" href=\"http:\/\/www.ballonsupermarkt.de\/html\/geburtstag.html\">Geburtstag<\/a><\/p>\n<p><a title=\"Geburtstagsballons\" href=\"http:\/\/www.ballonsupermarkt.de\/html\/geburtstagsballons.html\"> Geburtstagballons schweben auf der Geburtstagsparty<\/a>. <a title=\"Geburtstagsgr\u00fc\u00dfe\" href=\"http:\/\/www.ballonsupermarkt.de\/html\/geburtstagsgrusse.html\">Das Geburtstagskind freut sich \u00fcber Geburtstagsgr\u00fc\u00dfe<\/a>. <a title=\"Geburtstagsbanner\" href=\"http:\/\/www.ballonsupermarkt.de\/html\/geburtstagsbanner.html\">Geburtstagsbanner schm\u00fccken den Geburtstag<\/a>. <a title=\"Konfetti Geburtstag\" href=\"http:\/\/www.ballonsupermarkt.de\/html\/konfetti_happy_birthday.html\">Geburtstagskonfetti dekoriert den Geburtstagstisch<\/a>. <a title=\"Dekoration Geburtstag\" href=\"http:\/\/www.ballonsupermarkt.de\/html\/geburtstagsdekoration_2.html\">Ein Geburtstagsdekoration macht den Geburtstag erst sch\u00f6n<\/a>. <a title=\"Folienballons zu jedem Geburtstag\" href=\"http:\/\/www.ballonsupermarkt.de\/html\/folienballons_geburtstag.html\">Folienballons verschenkt man zu jedem Geburtstag! Zu jedem!<\/a> <a title=\"Kindergeburtstag\" href=\"http:\/\/www.ballonsupermarkt.de\/html\/kindergeburtstag.html\">Auch ein Kindergeburtstag muss dekoriert werden<\/a>. <a title=\"Ballons Geburtstag im Set\" href=\"http:\/\/www.ballonsupermarkt.de\/html\/ballons_helium_midi_geburtstag.html\">Ballons im Set zum Geburtstag<\/a>. <a title=\"Geburtstagshit\" href=\"http:\/\/www.ballonsupermarkt.de\/html\/singende_ballons_.html\">Das ist der absolute Geburtstagshit!<\/a> <a title=\"Geburtstag Ballongr\u00fc\u00dfe\" href=\"http:\/\/www.ballonsupermarkt.de\/html\/ballongrusse.html\">Ballongr\u00fc\u00dfe zum Geburtstag<\/a>.<\/p>\n","protected":false},"excerpt":{"rendered":"<p>18. Geburtstag Ein ganz besonderer Geburtstag 18. Geburtstag: Sch\u00f6ne Geburtstagsideen zum 18. Geburtstag. Der 18. Geburtstag verdient eine besondere Geburtstagsfeier mit Dekoration. Besonders toll ist die Deko zum 18. Geburtstag mit Luftballons. Feiern Sie den 18. Geburtstag mit Geburtstagsdeko-Sets. Geburtstag Geburtstagballons schweben auf der Geburtstagsparty. Das Geburtstagskind freut sich \u00fcber Geburtstagsgr\u00fc\u00dfe. Geburtstagsbanner schm\u00fccken den Geburtstag. [&hellip;]<\/p>\n","protected":false},"author":1,"featured_media":0,"parent":0,"menu_order":0,"comment_status":"open","ping_status":"closed","template":"","meta":{"footnotes":""},"class_list":["post-48","page","type-page","status-publish","hentry"],"aioseo_notices":[],"_links":{"self":[{"href":"https:\/\/www.ballonsupermarkt-onlineshop.de\/blog\/wp-json\/wp\/v2\/pages\/48","targetHints":{"allow":["GET"]}}],"collection":[{"href":"https:\/\/www.ballonsupermarkt-onlineshop.de\/blog\/wp-json\/wp\/v2\/pages"}],"about":[{"href":"https:\/\/www.ballonsupermarkt-onlineshop.de\/blog\/wp-json\/wp\/v2\/types\/page"}],"author":[{"embeddable":true,"href":"https:\/\/www.ballonsupermarkt-onlineshop.de\/blog\/wp-json\/wp\/v2\/users\/1"}],"replies":[{"embeddable":true,"href":"https:\/\/www.ballonsupermarkt-onlineshop.de\/blog\/wp-json\/wp\/v2\/comments?post=48"}],"version-history":[{"count":2,"href":"https:\/\/www.ballonsupermarkt-onlineshop.de\/blog\/wp-json\/wp\/v2\/pages\/48\/revisions"}],"predecessor-version":[{"id":3036,"href":"https:\/\/www.ballonsupermarkt-onlineshop.de\/blog\/wp-json\/wp\/v2\/pages\/48\/revisions\/3036"}],"wp:attachment":[{"href":"https:\/\/www.ballonsupermarkt-onlineshop.de\/blog\/wp-json\/wp\/v2\/media?parent=48"}],"curies":[{"name":"wp","href":"https:\/\/api.w.org\/{rel}","templated":true}]}}