{"id":64,"date":"2008-03-30T17:21:23","date_gmt":"2008-03-30T15:21:23","guid":{"rendered":"http:\/\/www.ballonsupershop.de\/blog\/ballongruse\/"},"modified":"2018-03-17T15:29:19","modified_gmt":"2018-03-17T14:29:19","slug":"ballongruse","status":"publish","type":"page","link":"https:\/\/www.ballonsupermarkt-onlineshop.de\/blog\/ballongruse\/","title":{"rendered":"Ballongr\u00fc\u00dfe"},"content":{"rendered":"<p align=\"center\"><span style=\"font-size: 24px\"><a title=\"Ballongr\u00fc\u00dfe\" href=\"http:\/\/www.ballonsupermarkt.de\/html\/ballongrusse.html\"><strong><span style=\"color: #000000;\">Ballongr\u00fc\u00dfe<\/span><\/strong><\/a><\/span><\/p>\n<p align=\"center\"><strong>Versenden Sie Ballongr\u00fc\u00dfe<\/strong><\/p>\n<p align=\"center\"><strong>Unter Ballongr\u00fc\u00dfe vesteht man das Versenden von Ballons zu verschiedenen Anl\u00e4ssen. Es sind Folienballons, <a title=\"Luftballons aus Folie: Folienballons\" name=\"Folienballons\" href=\"\/shopdata\/luftballons-folie.shopscript#Luftballons-Folie\">Luftballons aus Folie<\/a> und nicht <a title=\"Luftballons aus Latex\" href=\"\/shopdata\/luftballons-latex.shopscript#Luftballons-Latex\">Luftballons aus Latex<\/a>, die man verwendet. Folienballons sind das Medium f\u00fcr Gl\u00fcckw\u00fcnsche, \u00dcbermittlungen von Gr\u00fc\u00dfen und Gratulationen. <a title=\"Luftballons\" href=\"\/shopdata\/luftballons.shopscript#Luftballons\">Luftballons<\/a> besitzen nicht die Eigenschaften die eine Versendung erfordert. Luftballons aus Folie besitzen die erforderlichen Eigenschaften zur Versendung an den Empf\u00e4nger, da sie eine lange Haltbarkeit vorweisen. Das Besondere an diesen Ballons ist: Die Ballongr\u00fc\u00dfe sind bereits auf den Ballon gedruckt. So gibt es viele verschiedene Botschaften, die ein Ballon aus Folie \u00fcbermitteln kann: Gl\u00fcckw\u00fcnsche zu Geburtstagen, Gl\u00fcckw\u00fcnsche zu Hochzeiten, Gratulationen zu Jubil\u00e4um, zur Silbernen und Goldenen Hochzeit, zur Geburt und Taufe, zum Valentinstag, zum Muttertag und zu sehr vielen anderen Gelegenheiten wie beispielsweise: Willkommen, Danke, Gute Besserung, Willkommen Zuhause, Ich liebe dich.<\/strong><\/p>\n<p align=\"center\"><strong>Ballongr\u00fc\u00dfe, Gl\u00fcckw\u00fcnsche, Liebesgr\u00fc\u00dfe: <\/strong><\/p>\n<h1 style=\"text-align: center\"><span style=\"font-size: 20px\"> <a title=\"Ballongr\u00fc\u00dfe mit Folienballons\" href=\"\/shopdata\/Folienballons\/Folienballons++=28heliumgef=FCllt=29\/Folienballons+=22Hochzeit=22\/product_overview.shopscript\"><span style=\"color: #000000;\">Ballongr\u00fc\u00dfe<br \/>\nHochzeit<\/span><\/a><br \/>\n<a title=\"Ballongr\u00fc\u00dfe zum Geburtstag\" href=\"\/shopdata\/Folienballons\/Folienballons++=28heliumgef=FCllt=29\/Folienballons=22Geburtstag=22\/product_overview.shopscript\"><br \/>\n<span style=\"color: #000000;\">Ballongr\u00fc\u00dfe Geburtstag<\/span><\/a><br \/>\n<a title=\"Ballongr\u00fc\u00dfe zum Kindergeburtstag\" href=\"\/shopdata\/Folienballons\/Folienballons++=28heliumgef=FCllt=29\/product_overview.shopscript\"><br \/>\n<span style=\"color: #000000;\">Ballongr\u00fc\u00dfe Kindergeburtstag<\/span><\/a><br \/>\n<a title=\"Ballongr\u00fc\u00dfe zu besonderen Anl\u00e4ssen\" href=\"\/shopdata\/Folienballons\/Folienballons++=28heliumgef=FCllt=29\/Folienballons+=22Gr=FC=DFe=22\/product_overview.shopscript\"><br \/>\n<span style=\"color: #000000;\">Ballongr\u00fc\u00dfe Gl\u00fcckw\u00fcnsche<\/span><\/a><br \/>\n<a title=\"Ballongr\u00fc\u00dfe f\u00fcr die Liebe\" href=\"\/shopdata\/Folienballons\/Folienballons++=28heliumgef=FCllt=29\/Folienballons+=22I+Love+You=22\/product_overview.shopscript\"><br \/>\n<span style=\"color: #000000;\">Ballongr\u00fc\u00dfe Liebesgr\u00fc\u00dfe<\/span><\/a><\/span><\/h1>\n<p style=\"text-align: center\"><a title=\"Das sind Ballongr\u00fc\u00dfe\" href=\"http:\/\/www.ballonsupermarkt.de\/html\/ballongrusse.html\"><img loading=\"lazy\" decoding=\"async\" src=\"http:\/\/www.ballonsupermarkt.de\/assets\/images\/autogen\/a_HerzlGluckwKarton_4.jpg\" border=\"5\" alt=\"Ballongr\u00fc\u00dfe\" width=\"163\" height=\"225\" align=\"middle\" \/><\/a><\/p>\n<p style=\"text-align: center\"><a title=\"Folienballons sind das Medium f\u00fcr Ballongr\u00fc\u00dfe\" href=\"http:\/\/folienballons.biz\/ballongruse\/\">Ballongr\u00fc\u00dfe mit Folienballons<\/a>, <a title=\"Geschenke und Blumen, Ballongr\u00fc\u00dfe\" href=\"http:\/\/www.yatego.com\/geschenke-blumen\/ballongruesse\/4551ab891c3518_2,24-13-15,3,,1,2\">Geschenke und Blumen &#8211; Ballongr\u00fc\u00dfe<\/a>, <a title=\"Folienballons: Gr\u00fc\u00dfe und Gl\u00fcckw\u00fcnsche\" href=\"http:\/\/www.ballonsupermarkt.de\/html\/folienballons_message.html\">Folienballons: Gr\u00fc\u00dfe und Gl\u00fcckw\u00fcnsche<\/a><\/p>\n<p style=\"text-align: center\"><a title=\"Ballongr\u00fc\u00dfe im Versand\" href=\"http:\/\/www.ballonsupermarkt.de\/html\/luftballons_versand.html\">Ballongr\u00fc\u00dfe im Versand<\/a><\/p>\n<div id=\"attachment_479\" style=\"width: 310px\" class=\"wp-caption aligncenter\"><a title=\"Zum 40. Geburtstag\" href=\"\/shopdata\/Geburtstag\/Besondere+Geburtstage\/Geburtstag+40.\/product_overview.shopscript\"><\/a><p id=\"caption-attachment-479\" class=\"wp-caption-text\">Ballongr\u00fc\u00dfe zum 40. Geburtstag<\/p><\/div>\n","protected":false},"excerpt":{"rendered":"<p>Ballongr\u00fc\u00dfe Versenden Sie Ballongr\u00fc\u00dfe Unter Ballongr\u00fc\u00dfe vesteht man das Versenden von Ballons zu verschiedenen Anl\u00e4ssen. Es sind Folienballons, Luftballons aus Folie und nicht Luftballons aus Latex, die man verwendet. Folienballons sind das Medium f\u00fcr Gl\u00fcckw\u00fcnsche, \u00dcbermittlungen von Gr\u00fc\u00dfen und Gratulationen. Luftballons besitzen nicht die Eigenschaften die eine Versendung erfordert. Luftballons aus Folie besitzen die erforderlichen [&hellip;]<\/p>\n","protected":false},"author":1,"featured_media":0,"parent":0,"menu_order":0,"comment_status":"open","ping_status":"closed","template":"","meta":{"footnotes":""},"class_list":["post-64","page","type-page","status-publish","hentry"],"aioseo_notices":[],"_links":{"self":[{"href":"https:\/\/www.ballonsupermarkt-onlineshop.de\/blog\/wp-json\/wp\/v2\/pages\/64","targetHints":{"allow":["GET"]}}],"collection":[{"href":"https:\/\/www.ballonsupermarkt-onlineshop.de\/blog\/wp-json\/wp\/v2\/pages"}],"about":[{"href":"https:\/\/www.ballonsupermarkt-onlineshop.de\/blog\/wp-json\/wp\/v2\/types\/page"}],"author":[{"embeddable":true,"href":"https:\/\/www.ballonsupermarkt-onlineshop.de\/blog\/wp-json\/wp\/v2\/users\/1"}],"replies":[{"embeddable":true,"href":"https:\/\/www.ballonsupermarkt-onlineshop.de\/blog\/wp-json\/wp\/v2\/comments?post=64"}],"version-history":[{"count":1,"href":"https:\/\/www.ballonsupermarkt-onlineshop.de\/blog\/wp-json\/wp\/v2\/pages\/64\/revisions"}],"predecessor-version":[{"id":2507,"href":"https:\/\/www.ballonsupermarkt-onlineshop.de\/blog\/wp-json\/wp\/v2\/pages\/64\/revisions\/2507"}],"wp:attachment":[{"href":"https:\/\/www.ballonsupermarkt-onlineshop.de\/blog\/wp-json\/wp\/v2\/media?parent=64"}],"curies":[{"name":"wp","href":"https:\/\/api.w.org\/{rel}","templated":true}]}}