{"id":69,"date":"2008-05-17T14:28:24","date_gmt":"2008-05-17T12:28:24","guid":{"rendered":"http:\/\/www.ballonsupershop.de\/blog\/luftballons-deutschland\/"},"modified":"2008-05-17T14:28:24","modified_gmt":"2008-05-17T12:28:24","slug":"luftballons-deutschland","status":"publish","type":"page","link":"https:\/\/www.ballonsupermarkt-onlineshop.de\/blog\/luftballons-deutschland\/","title":{"rendered":"Luftballons Deutschland"},"content":{"rendered":"<p><font color=\"#000000\"><a href=\"http:\/\/www.luftballons-deutschland.de\" title=\"Luftballons\">Luftballons Deutschland<\/a>: Durch das Internet k\u00f6nnen Sie heutzutage <a href=\"http:\/\/www.ballonsupermarkt.de\/html\/luftballons.html\" title=\"Luftballons\">Luftballons<\/a> bequem im <a href=\"https:\/\/www.ballonsupermarkt-onlineshop.de\" title=\"Luftballons im Ballonsupermarkt-Onlineshop\">Onlineshop<\/a> bestellen. Eine Suche nach dem <a href=\"http:\/\/www.ballonshop.biz\" title=\"Ballonshop\">Ballonshop<\/a> in Ihrer Heimatstadt wird so \u00fcberfl\u00fcssig.<br \/>\nIn unserem <a href=\"http:\/\/www.luftballonshop.biz\/\" title=\"Luftballonshop\">Luftballonshop<\/a> <a href=\"https:\/\/www.ballonsupermarkt-onlineshop.de\" title=\"Luftballons\">www.ballonsupermarkt-onlineshop.de<\/a> erhalten Sie eine wesentlich genauere Beratung bei dem Einkauf von <a href=\"http:\/\/www.luftballons-info.biz\" title=\"Luftballons\">Luftballons<\/a> und <a href=\"http:\/\/www.ballonshop.biz\/html\/ballongas.html\" title=\"Ballongas\">Ballongas<\/a>, als in irgendeinem Supermarkt, oder einem Kaufhaus. Dort wird meist nur kassiert, fachkundiges Personal ist schwer zu finden und bezieht sich \u00fcberwiegend auf Sortimente und Preise, nicht jedoch auf Anwendungsm\u00f6glichkeiten. Fragen Sie dort einmal eine Verk\u00e4uferin, <a href=\"http:\/\/www.ballonsupermarkt.de\/html\/luftballon_tragfahigkeit.htm\" title=\"Luftballons und Helium Tipps\">wie lange der Luftballon mit Helium schwebt<\/a>, <a href=\"http:\/\/www.ballonsupermarkt.de\/html\/luftballon_tragfahigkeit.htm\" title=\"Luftballons Tragf\u00e4higkeit\">oder was der Ballon tragen kann<\/a>. Unsere langj\u00e4hrige Erfahrung mit <a href=\"http:\/\/www.luftballonshop.biz\/index.html\" title=\"Ballonaktionen\">Ballonaktionen<\/a>, <a href=\"http:\/\/www.ballonsupermarkt.de\/html\/deko-service.html\" title=\"Ballondekoration\">Ballondekorationen<\/a>, <a href=\"http:\/\/www.ballonsupermarkt.de\/html\/ballonflugwettbewerb.html\" title=\"Ballonflugwettbewerb\">Ballonflugwettbewerben<\/a> und <a href=\"http:\/\/www.ballonsupermarkt.de\/html\/ballonmassenstart.html\" title=\"Ballonmassenstart\">Ballonmassenstarts<\/a> geben wir auf unseren Seiten <a href=\"http:\/\/www.ballonsupermarkt.de\" title=\"Ballonsupermarkt\">www.Ballonsupermarkt.de<\/a> an unsere Kunden weiter. So erhalten Sie <a href=\"http:\/\/www.ballonsupermarkt.de\/html\/luftballons_info.htm\" title=\"Luftballons\">wichtige Informationen und Tipps zu Luftballons<\/a>, <a href=\"http:\/\/www.ballonsupermarkt.de\/html\/helium_info.htm#Helium\" title=\"Helium, Ballongas\">Tipps und Anwendungsinformationen \u00fcber Ballongas und Helium<\/a>, <a href=\"http:\/\/www.ballonsupermarkt.de\/html\/luftballons_aufblasen.htm\" title=\"Luftballons mit Ballongas aufblasen\">hilfreiche Anleitungen zum Aufblasen von Luftballons<\/a>, Ratschl\u00e4ge zu <a href=\"http:\/\/www.ballonsupermarkt.de\/html\/latexballons.html\" title=\"Latexballons\">Latexballons<\/a> und Informationen \u00fcber <a href=\"http:\/\/www.ballonsupermarkt.de\/html\/folienballons.html\" title=\"Folienballons\">Folienballons<\/a>.<\/font><\/p>\n<h2>Finden Sie Luftballons im  Internet bei <a href=\"http:\/\/de.yahoo.com\/\" title=\"Luftballons bei Yahoo! Deutschland finden\">Yahoo!  Deutschland<\/a>, bei <a href=\"http:\/\/www.ask.com\/\" title=\"Luftballons finden\">ask.com,<\/a>,  im <a href=\"http:\/\/www.webverzeichnis-webkatalog.de\/Ballonsupermarkt-Luftballons-und-Helium-Hochzeit-13763.html\" title=\"Luftballons\">Webverzeichnis<\/a>, bei <a href=\"http:\/\/www.shopfinder.info\/details.php?id=7109\" title=\"Luftballons\">shopfinder<\/a>, bei <a href=\"http:\/\/www.wlw.de\/p\/ballonsupermarkt-e-k-1257078?anzeige=produkt&amp;search_term=ballonsupermarkt\" title=\"Luftballons\">WLW<\/a>, bei <a href=\"http:\/\/www.google.de\/\" title=\"Google Deutschland\">Google  Deutschland<\/a>, bei <a href=\"http:\/\/www.google.de\/products?hl=de&amp;rls=GGLG,GGLG:2006-14,GGLG:de&amp;q=luftballons&amp;um=1&amp;ie=UTF-8&amp;sa=N&amp;tab=wf\" title=\"Luftballons\">Google Products<\/a>, bei <a href=\"http:\/\/www.exalead.de\/search\/homepage\" title=\"Luftballons in Deutschland finden\">exalead<\/a> und im <a href=\"https:\/\/www.ballonsupermarkt-onlineshop.de\/\" title=\"Luftballons\">Ballonsupermarkt-Onlineshop<\/a><\/h2>\n<h2>Warum suchen Sie  Luftballons in Ihrer Heimatstadt?<\/h2>\n<h3><a href=\"http:\/\/www.spiegel.de\/wirtschaft\/0,1518,540582,00.html\" title=\"Luftballons kauft man nun im Internet\">Der Vertrieb von Waren \u00fcber das Internet ist der Markt  mit der gr\u00f6\u00dften Dynamik im Einzelhandel!<\/a><\/h3>\n<h3><a href=\"http:\/\/www.computerwoche.de\/nachrichten\/1858190\/\" title=\"Luftballons kauft man im Internet\">Verbraucher in Deutschland kaufen immer mehr im  Internet ein<\/a>:<\/h3>\n<p align=\"center\">&nbsp;<\/p>\n<p align=\"center\"><font style=\"font-size: 6pt\">[<a href=\"http:\/\/www.luftballons-deutschland.de\/\" title=\"Luftballons Deutschland\"><font color=\"#000000\">Luftballons Deutschland<\/font><\/a>] [<a href=\"http:\/\/www.luftballons-deutschland.de\/html\/luftballons_hagen.html\" title=\"Luftballons Hagen\"><font color=\"#000000\">Luftballons Hagen<\/font><\/a>][<a href=\"http:\/\/www.luftballons-deutschland.de\/html\/luftballons_dortmund.html\" title=\"Luftballons Dortmund\"><font color=\"#000000\">Luftballons Dortmund<\/font><\/a>][<a href=\"http:\/\/www.luftballons-deutschland.de\/html\/luftballons_koln.html\" title=\"Luftballons koeln\"><font color=\"#000000\">Luftballons K\u00f6ln<\/font><\/a>][<a href=\"http:\/\/www.luftballons-deutschland.de\/html\/luftballons_wuppertal.html\" title=\"Luftballons wuppertal\"><font color=\"#000000\">Luftballons Wuppertal<\/font><\/a>][<a href=\"http:\/\/www.luftballons-deutschland.de\/html\/luftballons_schwelm.html\" title=\"Luftballons schwelm\"><font color=\"#000000\">Luftballons Schwelm<\/font><\/a>][<a href=\"http:\/\/www.luftballons-deutschland.de\/html\/luftballons_gevelsberg.html\" title=\"Luftballons gevelsberg\"><font color=\"#000000\">Luftballons Gevelsberg<\/font><\/a>]<br \/>\n[<a href=\"http:\/\/www.luftballons-deutschland.de\/html\/luftballons_arnsberg.html\" title=\"Luftballons arnsberg\"><font color=\"#000000\">Luftballons Arnsberg<\/font><\/a>][<a href=\"http:\/\/www.luftballons-deutschland.de\/html\/luftballons_soest.html\" title=\"Luftballons soest\"><font color=\"#000000\">Luftballons Soest<\/font><\/a>][<a href=\"http:\/\/www.luftballons-deutschland.de\/html\/luftballons_paderborn.html\" title=\"Luftballons paderborn\"><font color=\"#000000\">Luftballons Paderborn<\/font><\/a>][<a href=\"http:\/\/www.luftballons-deutschland.de\/html\/luftballons_schwerte.html\" title=\"Luftballons Schwerte\"><font color=\"#000000\">Luftballons Schwerte<\/font><\/a>][<a href=\"http:\/\/www.luftballons-deutschland.de\/html\/luftballons_dusseldorf.html\" title=\"Luftballons d\u00fcsseldorf\"><font color=\"#000000\">Luftballons D\u00fcsseldorf<\/font><\/a>][<a href=\"http:\/\/www.luftballons-deutschland.de\/html\/luftballons_essen.html\" title=\"Luftballons Essen\"><font color=\"#000000\">Luftballons Essen<\/font><\/a>][<a href=\"http:\/\/www.luftballons-deutschland.de\/html\/luftballons_mulheim.html\" title=\"Luftballons muelheim\"><font color=\"#000000\">Luftballons M\u00fclheim<\/font><\/a>]<br \/>\n[<a href=\"http:\/\/www.luftballons-deutschland.de\/html\/luftballons_duisburg.html\" title=\"Luftballons duisburg\"><font color=\"#000000\">Luftballons Duisburg<\/font><\/a>][<a href=\"http:\/\/www.luftballons-deutschland.de\/html\/luftballons_recklinghausen.html\" title=\"Luftballons recklinghausen \"><font color=\"#000000\">Luftballons Recklinghausen<\/font><\/a>][<a href=\"http:\/\/www.luftballons-deutschland.de\/html\/luftballons_oberhausen.html\" title=\"Luftballons Oberhausen\"><font color=\"#000000\">Luftballons Oberhausen<\/font><\/a>][<a href=\"http:\/\/www.luftballons-deutschland.de\/html\/luftballons_gelsenkirchen.html\" title=\"Luftballons gelsenkirchen\"><font color=\"#000000\">Luftballons Gelsenkirchen<\/font><\/a>][<a href=\"http:\/\/www.luftballons-deutschland.de\/html\/luftballons_witten.html\" title=\"Luftballons witten\"><font color=\"#000000\">Luftballons Witten<\/font><\/a>][<a href=\"http:\/\/www.luftballons-deutschland.de\/html\/luftballons_monchengladbach.html\" title=\"Luftballons m\u00f6nchengladbach\"><font color=\"#000000\">Luftballons M\u00f6nchengladbach<\/font><\/a>]<br \/>\n[<a href=\"http:\/\/www.luftballons-deutschland.de\/html\/luftballons_aachen.html\" title=\"Luftballons aachen\"><font color=\"#000000\">Luftballons Aachen<\/font><\/a>][<a href=\"http:\/\/www.luftballons-deutschland.de\/html\/luftballons_munchen.html\" title=\"Luftballons m\u00fcnchen\"><font color=\"#000000\">Luftballons M\u00fcnchen<\/font><\/a>][<a href=\"http:\/\/www.luftballons-deutschland.de\/html\/luftballons_regensburg.html\" title=\"Luftballons regensburg\"><font color=\"#000000\">Luftballons Regensburg<\/font><\/a>][<a href=\"http:\/\/www.luftballons-deutschland.de\/html\/luftballons_passau.html\" title=\"Luftballons passau\"><font color=\"#000000\">Luftballons Passau<\/font><\/a>][<a href=\"http:\/\/www.luftballons-deutschland.de\/html\/luftballons_rosenheim.html\" title=\"Luftballons rosenheim\"><font color=\"#000000\">Luftballons Rosenheim<\/font><\/a>][<a href=\"http:\/\/www.luftballons-deutschland.de\/html\/luftballons_ingolstadt.html\" title=\"Luftballons ingolstadt\"><font color=\"#000000\">Luftballons Ingolstadt<\/font><\/a>][<a href=\"http:\/\/www.luftballons-deutschland.de\/html\/luftballons__augsburg.html\" title=\"Luftballons augsburg\"><font color=\"#000000\">Luftballons  Augsburg<\/font><\/a>]<br \/>\n[<a href=\"http:\/\/www.luftballons-deutschland.de\/html\/luftballons_stuttgart.html\" title=\"Luftballons stuttgart\"><font color=\"#000000\">Luftballons Stuttgart<\/font><\/a>][<a href=\"http:\/\/www.luftballons-deutschland.de\/html\/luftballons_nurnberg.html\" title=\"Luftballons n\u00fcrnberg\"><font color=\"#000000\">Luftballons N\u00fcrnberg<\/font><\/a>][<a href=\"http:\/\/www.luftballons-deutschland.de\/html\/luftballons_wurzburg.html\" title=\"Luftballons w\u00fcrzburg\"><font color=\"#000000\">Luftballons W\u00fcrzburg<\/font><\/a>][<a href=\"http:\/\/www.luftballons-deutschland.de\/html\/luftballons_erlangen.html\" title=\"Luftballons erlangen\"><font color=\"#000000\">Luftballons Erlangen<\/font><\/a>][<a href=\"http:\/\/www.luftballons-deutschland.de\/html\/luftballons_karlsruhe.html\" title=\"Luftballons karlsruhe\"><font color=\"#000000\">Luftballons Karlsruhe<\/font><\/a>][<a title=\"Luftballons heilbronn\" href=\"http:\/\/www.luftballons-deutschland.de\/html\/luftballons_heilbronn.html\"><font color=\"#000000\">Luftballons Heilbronn<\/font><\/a>]<br \/>\n[<a href=\"http:\/\/www.luftballons-deutschland.de\/html\/luftballons_darmstadt.html\" title=\"Luftballons darmstadt\"><font color=\"#000000\">Luftballons Darmstadt<\/font><\/a>][<a href=\"http:\/\/www.luftballons-deutschland.de\/html\/luftballons_frankfurt.html\" title=\"Luftballons frankfurt\"><font color=\"#000000\">Luftballons Frankfurt<\/font><\/a>][<a href=\"http:\/\/www.luftballons-deutschland.de\/html\/luftballons_mainz.html\" title=\"Luftballons mainz\"><font color=\"#000000\">Luftballons Mainz<\/font><\/a>][<a href=\"http:\/\/www.luftballons-deutschland.de\/html\/luftballons_koblenz.html\" title=\"Luftballons koblenz\"><font color=\"#000000\">Luftballons Koblenz<\/font><\/a>][<a href=\"http:\/\/www.luftballons-deutschland.de\/html\/luftballons_mannheim.html\" title=\"Luftballons mannheim\"><font color=\"#000000\">Luftballons Mannheim<\/font><\/a>][<a href=\"http:\/\/www.luftballons-deutschland.de\/html\/luftballons_wiesbaden.html\" title=\"Luftballons wiesbaden\"><font color=\"#000000\">Luftballons Wiesbaden<\/font><\/a>]<br \/>\n[<a href=\"http:\/\/www.luftballons-deutschland.de\/html\/luftballons_saarbrucken.html\" title=\"Luftballons saarbr\u00fccken\"><font color=\"#000000\">Luftballons Saarbr\u00fccken<\/font><\/a>][<a href=\"http:\/\/www.luftballons-deutschland.de\/html\/luftballons_ludwigshafen.html\" title=\"Luftballons ludwigshafen\"><font color=\"#000000\">Luftballons Ludwigshafen<\/font><\/a>][<a href=\"http:\/\/www.luftballons-deutschland.de\/html\/luftballons_neustadt.html\" title=\"Luftballons neustadt\"><font color=\"#000000\">Luftballons Neustadt<\/font><\/a>][<a href=\"http:\/\/www.luftballons-deutschland.de\/html\/luftballons_speyer.html\" title=\"Luftballons speyer\"><font color=\"#000000\">Luftballons Speyer<\/font><\/a>][<a href=\"http:\/\/www.luftballons-deutschland.de\/html\/luftballons_suhl.html\" title=\"Luftballons suhl\"><font color=\"#000000\">Luftballons Suhl<\/font><\/a>][<a href=\"http:\/\/www.luftballons-deutschland.de\/html\/luftballons_gotha.html\" title=\"Luftballons gotha\"><font color=\"#000000\">Luftballons Gotha<\/font><\/a>]<br \/>\n[<a href=\"http:\/\/www.luftballons-deutschland.de\/html\/luftballons_erfurt.html\" title=\"Luftballons erfurt\"><font color=\"#000000\">Luftballons Erfurt<\/font><\/a>][<a href=\"http:\/\/www.luftballons-deutschland.de\/html\/luftballons_jena.html\" title=\"Luftballons jena\"><font color=\"#000000\">Luftballons Jena<\/font><\/a>][<a href=\"http:\/\/www.luftballons-deutschland.de\/html\/luftballons_gera.html\" title=\"Luftballons gera\"><font color=\"#000000\">Luftballons Gera<\/font><\/a>][<a href=\"http:\/\/www.luftballons-deutschland.de\/html\/luftballons_leipzig.html\" title=\"Luftballons leipzig\"><font color=\"#000000\">Luftballons Leipzig<\/font><\/a>][<a href=\"http:\/\/www.luftballons-deutschland.de\/html\/luftballons_halle.html\" title=\"Luftballons halle\"><font color=\"#000000\">Luftballons Halle<\/font><\/a>][<a href=\"http:\/\/www.luftballons-deutschland.de\/html\/luftballons_kassel.html\" title=\"Luftballons kassel\"><font color=\"#000000\">Luftballons Kassel<\/font><\/a>][<a href=\"http:\/\/www.luftballons-deutschland.de\/html\/luftballons_gottingen.html\" title=\"Luftballons g\u00f6ttingen\"><font color=\"#000000\">Luftballons G\u00f6ttingen<\/font><\/a>]<br \/>\n[<a href=\"http:\/\/www.luftballons-deutschland.de\/html\/luftballons_magdeburg.html\" title=\"Luftballons magdeburg\"><font color=\"#000000\">Luftballons Magdeburg<\/font><\/a>][<a href=\"http:\/\/www.luftballons-deutschland.de\/html\/luftballons_berlin.html\" title=\"Luftballons berlin\"><font color=\"#000000\">Luftballons Berlin<\/font><\/a>][<a href=\"http:\/\/www.luftballons-deutschland.de\/html\/luftballons_neubrandenburg.html\" title=\"Luftballons neubrandenburg\"><font color=\"#000000\">Luftballons Neubrandenburg<\/font><\/a>][<a href=\"http:\/\/www.luftballons-deutschland.de\/html\/luftballons_schwerin.html\" title=\"Luftballons schwerin\"><font color=\"#000000\">Luftballons Schwerin<\/font><\/a>][<a href=\"http:\/\/www.luftballons-deutschland.de\/html\/luftballons_wismar.html\" title=\"Luftballons wismar\"><font color=\"#000000\">Luftballons Wismar<\/font><\/a>][<a href=\"http:\/\/www.luftballons-deutschland.de\/html\/luftballons_lubeck.html\" title=\"Luftballons l\u00fcbeck\"><font color=\"#000000\">Luftballons L\u00fcbeck<\/font><\/a>]<br \/>\n[<a href=\"http:\/\/www.luftballons-deutschland.de\/html\/luftballons_hamburg.html\" title=\"Luftballons hamburg\"><font color=\"#000000\">Luftballons Hamburg<\/font><\/a>][<a href=\"http:\/\/www.luftballons-deutschland.de\/html\/luftballons_kiel.html\" title=\"Luftballons kiel\"><font color=\"#000000\">Luftballons Kiel<\/font><\/a>][<a href=\"http:\/\/www.luftballons-deutschland.de\/html\/luftballons_flensburg.html\" title=\"Luftballons flensburg\"><font color=\"#000000\">Luftballons Flensburg<\/font><\/a>][<a href=\"http:\/\/www.luftballons-deutschland.de\/html\/luftballons_heide.html\" title=\"Luftballons heide\"><font color=\"#000000\">Luftballons Heide<\/font><\/a>][<a href=\"http:\/\/www.luftballons-deutschland.de\/html\/luftballons_neumunster.html\" title=\"Luftballons neum\u00fcnster\"><font color=\"#000000\">Luftballons Neum\u00fcnster<\/font><\/a>][<a href=\"http:\/\/www.luftballons-deutschland.de\/html\/luftballons_oldenburg.html\" title=\"Luftballons oldenburg\"><font color=\"#000000\">Luftballons Oldenburg<\/font><\/a>]<br \/>\n[<a href=\"http:\/\/www.luftballons-deutschland.de\/html\/luftballons_bremen.html\" title=\"Luftballons bremen\"><font color=\"#000000\">Luftballons Bremen<\/font><\/a>][<a href=\"http:\/\/www.luftballons-deutschland.de\/html\/luftballons_bremerhaven.html\" title=\"Luftballona bremerhaven\"><font color=\"#000000\">Luftballons Bremerhaven<\/font><\/a>][<a href=\"http:\/\/www.luftballons-deutschland.de\/html\/luftballons_nordenham.html\" title=\"Luftballons nordenham\"><font color=\"#000000\">Luftballons Nordenham<\/font><\/a>][<a href=\"http:\/\/www.luftballons-deutschland.de\/html\/luftballons_emden.html\" title=\"Luftballons emden\"><font color=\"#000000\">Luftballons Emden<\/font><\/a>][<a href=\"http:\/\/www.luftballons-deutschland.de\/html\/luftballons_aurich.html\" title=\"Luftballons aurich\"><font color=\"#000000\">Luftballons Aurich<\/font><\/a>][<a href=\"http:\/\/www.luftballons-deutschland.de\/html\/luftballons_wesel.html\" title=\"Luftballons wesel\"><font color=\"#000000\">Luftballons Wesel<\/font><\/a>]<br \/>\n[<a href=\"http:\/\/www.luftballons-deutschland.de\/html\/luftballons_leer.html\" title=\"Luftballons leer\"><font color=\"#000000\">Luftballons Leer<\/font><\/a>][<a href=\"http:\/\/www.luftballons-deutschland.de\/html\/luftballons_norddeich.html\" title=\"Luftballons norddeich\"><font color=\"#000000\">Luftballons Norddeich<\/font><\/a>][<a href=\"http:\/\/www.luftballons-deutschland.de\/html\/luftballons_delmenhorst.html\" title=\"Luftballons delmenhorst\"><font color=\"#000000\">Luftballons Delmenhorst<\/font><\/a>][<a href=\"http:\/\/www.luftballons-deutschland.de\/html\/luftballons_osnabruck.html\" title=\"Luftballons osnabr\u00fcck\"><font color=\"#000000\">Luftballons Osnabr\u00fcck<\/font><\/a>][<a href=\"http:\/\/www.luftballons-deutschland.de\/html\/luftballons_munster.html\" title=\"Luftballons m\u00fcnster\"><font color=\"#000000\">Luftballons M\u00fcnster<\/font><\/a>][<a href=\"http:\/\/www.luftballons-deutschland.de\/html\/luftballons_hannover.html\" title=\"Luftballons hannover\"><font color=\"#000000\">Luftballons Hannover<\/font><\/a>]<br \/>\n[<a href=\"http:\/\/www.luftballons-deutschland.de\/html\/luftballons_hildesheim.html\" title=\"Luftballons hildesheim\"><font color=\"#000000\">Luftballons Hildesheim<\/font><\/a>][<a href=\"http:\/\/www.luftballons-deutschland.de\/html\/luftballons_bielefeld.html\" title=\"Luftballons bielefeld\"><font color=\"#000000\">Luftballons Bielefeld<\/font><\/a>][<a href=\"http:\/\/www.luftballons-deutschland.de\/html\/luftballons_neuss.html\" title=\"Luftballons neuss\"><font color=\"#000000\">Luftballons Neuss<\/font><\/a>][<a href=\"http:\/\/www.luftballons-deutschland.de\/html\/luftballons_siegen.html\" title=\"Luftballons siegen\"><font color=\"#000000\">Luftballons Siegen<\/font><\/a>][<a href=\"http:\/\/www.luftballons-deutschland.de\/html\/luftballons_bonn.html\" title=\"Luftballons bonn\"><font color=\"#000000\">Luftballons Bonn<\/font><\/a>][<a href=\"http:\/\/www.luftballons-deutschland.de\/html\/luftballons_meerbusch.html\" title=\"Luftballons meerbusch\"><font color=\"#000000\">Luftballons Meerbusch<\/font><\/a>]<br \/>\n[<a href=\"http:\/\/www.luftballons-deutschland.de\/html\/luftballons_krefeld.html\" title=\"Luftballons krefeld\"><font color=\"#000000\">Luftballons Krefeld<\/font><\/a>]<\/font><\/p>\n","protected":false},"excerpt":{"rendered":"<p>Luftballons Deutschland: Durch das Internet k\u00f6nnen Sie heutzutage Luftballons bequem im Onlineshop bestellen. Eine Suche nach dem Ballonshop in Ihrer Heimatstadt wird so \u00fcberfl\u00fcssig. In unserem Luftballonshop www.ballonsupermarkt-onlineshop.de erhalten Sie eine wesentlich genauere Beratung bei dem Einkauf von Luftballons und Ballongas, als in irgendeinem Supermarkt, oder einem Kaufhaus. Dort wird meist nur kassiert, fachkundiges Personal [&hellip;]<\/p>\n","protected":false},"author":1,"featured_media":0,"parent":0,"menu_order":0,"comment_status":"open","ping_status":"closed","template":"","meta":{"footnotes":""},"class_list":["post-69","page","type-page","status-publish","hentry"],"aioseo_notices":[],"_links":{"self":[{"href":"https:\/\/www.ballonsupermarkt-onlineshop.de\/blog\/wp-json\/wp\/v2\/pages\/69","targetHints":{"allow":["GET"]}}],"collection":[{"href":"https:\/\/www.ballonsupermarkt-onlineshop.de\/blog\/wp-json\/wp\/v2\/pages"}],"about":[{"href":"https:\/\/www.ballonsupermarkt-onlineshop.de\/blog\/wp-json\/wp\/v2\/types\/page"}],"author":[{"embeddable":true,"href":"https:\/\/www.ballonsupermarkt-onlineshop.de\/blog\/wp-json\/wp\/v2\/users\/1"}],"replies":[{"embeddable":true,"href":"https:\/\/www.ballonsupermarkt-onlineshop.de\/blog\/wp-json\/wp\/v2\/comments?post=69"}],"version-history":[{"count":0,"href":"https:\/\/www.ballonsupermarkt-onlineshop.de\/blog\/wp-json\/wp\/v2\/pages\/69\/revisions"}],"wp:attachment":[{"href":"https:\/\/www.ballonsupermarkt-onlineshop.de\/blog\/wp-json\/wp\/v2\/media?parent=69"}],"curies":[{"name":"wp","href":"https:\/\/api.w.org\/{rel}","templated":true}]}}