{"id":72,"date":"2008-06-26T14:36:40","date_gmt":"2008-06-26T12:36:40","guid":{"rendered":"http:\/\/www.ballonsupershop.de\/blog\/genehmigung-ballonmassenstart-starterlaubnis-luftballons\/"},"modified":"2008-06-26T14:36:40","modified_gmt":"2008-06-26T12:36:40","slug":"genehmigung-ballonmassenstart-starterlaubnis-luftballons","status":"publish","type":"page","link":"https:\/\/www.ballonsupermarkt-onlineshop.de\/blog\/genehmigung-ballonmassenstart-starterlaubnis-luftballons\/","title":{"rendered":"Genehmigung Ballonmassenstart, Starterlaubnis Luftballons"},"content":{"rendered":"<p style=\"text-align: center\" align=\"left\"><strong>Ben\u00f6tigen Sie eine Genehmigung f\u00fcr das Steigenlassen von Luftballons?<\/strong><\/p>\n<p><object width=\"207\" height=\"135\" data=\"http:\/\/www.ballonshop.biz\/assets\/applets\/MVI_Ballongas_NEW.swf\" type=\"application\/x-shockwave-flash\"><param name=\"src\" value=\"http:\/\/www.ballonshop.biz\/assets\/applets\/MVI_Ballongas_NEW.swf\" \/><\/object><\/p>\n<p style=\"text-align: center\" align=\"left\"><strong>Ben\u00f6tige ich eine Genehmigung f\u00fcr den Ballonflug &#8211; Massenstart? Muss ich mir den Ballonmassenstart genehmigen lassen? Brauche ich eine Erlaubnis f\u00fcr das Steigenlassen von Luftballons? Ist das Fliegenlassen von Herzballons zur Hochzeit genehmigungspflichtig? Kann ich einen Ballonflugwettbewerb ohne Erlaubnis durchf\u00fchren? Erfordert ein Ballonaufstieg eine Genehmigung? Ist eine Starterlaubnis f\u00fcr Luftballons erforderlich?<\/strong><\/p>\n<p style=\"text-align: center\" align=\"left\">Hier finden Sie die Antwort auf Ihre Fragen:<\/p>\n<h4><strong><a title=\"Ballonweitflug, ballonmassenstart, genehmigung\" href=\"http:\/\/www.ballonsupermarkt.de\/html\/ballonflug-genehmigung.htm\">Ballonsupermarkt Information zum Luftballon-Massenstart <\/a><\/strong><\/h4>\n","protected":false},"excerpt":{"rendered":"<p>Ben\u00f6tigen Sie eine Genehmigung f\u00fcr das Steigenlassen von Luftballons? Ben\u00f6tige ich eine Genehmigung f\u00fcr den Ballonflug &#8211; Massenstart? Muss ich mir den Ballonmassenstart genehmigen lassen? Brauche ich eine Erlaubnis f\u00fcr das Steigenlassen von Luftballons? Ist das Fliegenlassen von Herzballons zur Hochzeit genehmigungspflichtig? Kann ich einen Ballonflugwettbewerb ohne Erlaubnis durchf\u00fchren? Erfordert ein Ballonaufstieg eine Genehmigung? Ist [&hellip;]<\/p>\n","protected":false},"author":1,"featured_media":0,"parent":0,"menu_order":0,"comment_status":"open","ping_status":"closed","template":"","meta":{"footnotes":""},"class_list":["post-72","page","type-page","status-publish","hentry"],"aioseo_notices":[],"_links":{"self":[{"href":"https:\/\/www.ballonsupermarkt-onlineshop.de\/blog\/wp-json\/wp\/v2\/pages\/72","targetHints":{"allow":["GET"]}}],"collection":[{"href":"https:\/\/www.ballonsupermarkt-onlineshop.de\/blog\/wp-json\/wp\/v2\/pages"}],"about":[{"href":"https:\/\/www.ballonsupermarkt-onlineshop.de\/blog\/wp-json\/wp\/v2\/types\/page"}],"author":[{"embeddable":true,"href":"https:\/\/www.ballonsupermarkt-onlineshop.de\/blog\/wp-json\/wp\/v2\/users\/1"}],"replies":[{"embeddable":true,"href":"https:\/\/www.ballonsupermarkt-onlineshop.de\/blog\/wp-json\/wp\/v2\/comments?post=72"}],"version-history":[{"count":0,"href":"https:\/\/www.ballonsupermarkt-onlineshop.de\/blog\/wp-json\/wp\/v2\/pages\/72\/revisions"}],"wp:attachment":[{"href":"https:\/\/www.ballonsupermarkt-onlineshop.de\/blog\/wp-json\/wp\/v2\/media?parent=72"}],"curies":[{"name":"wp","href":"https:\/\/api.w.org\/{rel}","templated":true}]}}