{"id":73,"date":"2008-06-30T13:07:57","date_gmt":"2008-06-30T11:07:57","guid":{"rendered":"http:\/\/www.ballonsupershop.de\/blog\/riesenluftballons\/"},"modified":"2024-04-08T15:01:31","modified_gmt":"2024-04-08T13:01:31","slug":"riesenluftballons","status":"publish","type":"page","link":"https:\/\/www.ballonsupermarkt-onlineshop.de\/blog\/riesenluftballons\/","title":{"rendered":"Riesenluftballons"},"content":{"rendered":"<h3 style=\"text-align: center;\"><strong>Riesenluftballons sind die Sensation<\/strong> auf Messen und Ausstellungen. Mit Riesenballons erzielen Sie eine grandiose Anziehung. Von weit her kann man Riesenluftballons sehen. Direkt hervorragend ist der Effekt der riesigen Luftballons. Es ist unm\u00f6glich, diese riesigen Ballons zu \u00fcbersehen. Eine Werbeaktion mit Riesenluftballons ist immer erfolgreich.<\/h3>\n<p align=\"center\"><a title=\"Riesige Luftballons\" href=\"http:\/\/luftballons-info.biz\/html\/riesenluftballons.html\" name=\"Riesige-Luftballons\"><img loading=\"lazy\" decoding=\"async\" src=\"http:\/\/www.ballonsupermarkt.de\/assets\/images\/autogen\/a_Deko_Emden_gross.jpg\" alt=\"Riesenluftballons\" width=\"400\" height=\"213\" \/><\/a><\/p>\n<p align=\"center\">Mit <a title=\"riesen-luftballons\" href=\"http:\/\/www.ballonsupermarkt.de\/html\/riesen-luftballons.html#luftballons\" name=\"riesen-luftballons\">Luftballons<\/a> erzielt man Werbeerfolge, mit <a title=\"riesenluftballons\" href=\"http:\/\/www.ballonsupermarkt.de\/html\/riesen-luftballons.html#riesenluftballons\">Riesenluftballons<\/a> erzielt man Riesen-Werbeerfolge.<\/p>\n<p align=\"center\"><a title=\"Riesenluftballons im Ballonsupermarkt-Onlineshop\" href=\"\/shopdata\/Latexballons\/RiesenLatexballons+Rund=26amp=3Bslash=3BHerz\/product_overview.shopscript\"><strong>Riesenluftballons im Ballonsupermarkt-Onlineshop<\/strong><\/a><\/p>\n<p align=\"center\"><strong><a title=\"Riesenluftballons in 170 cm\" href=\"\/shopdata\/Latexballons\/RiesenLatexballons+Rund=26amp=3Bslash=3BHerz\/Riesenlatex+Rund+170cm\/product_overview.shopscript\">Riesenluftballons in 170 cm<\/a><\/strong><\/p>\n<p align=\"center\"><a title=\"Riesenluftballons in 250 cm\" href=\"\/shopdata\/Latexballons\/RiesenLatexballons+Rund=26amp=3Bslash=3BHerz\/RiesenLatex+Rund+250cm\/product_overview.shopscript\"><strong>Riesenluftballons in 250 cm<\/strong><\/a><\/p>\n<p align=\"center\"><a title=\"Riesenluftballons in 350 cm\" href=\"\/shopdata\/Latexballons\/RiesenLatexballons+Rund=26amp=3Bslash=3BHerz\/Riesenlatex+Rund+350cm\/product_overview.shopscript\" name=\"riesenluftballons-350-cm\"><strong>Riesenluftballons in 350 cm<\/strong><\/a><\/p>\n<p align=\"center\"><a title=\"Riesenluftballons in 450 cm\" href=\"\/shopdata\/Latexballons\/RiesenLatexballons+Rund=26amp=3Bslash=3BHerz\/Riesenlatex+Rund+450cm\/product_overview.shopscript\" name=\"riesenluftballons-450-cm\"><strong>Riesenluftballons in 450 cm<\/strong><\/a><\/p>\n<p align=\"center\"><a title=\"Riesen-Herzluftballons\" href=\"\/shopdata\/Latexballons\/RiesenLatexballons+Rund=26amp=3Bslash=3BHerz\/Riesenlatex+Herz+170cm\/product_overview.shopscript\" name=\"riesen-herzluftballons\"><strong>Riesen-Herzluftballons<\/strong><\/a><\/p>\n<div style=\"width: 215px\" class=\"wp-caption aligncenter\"><a title=\"Riesenballons\" href=\"http:\/\/ballonshop.biz\/html\/riesenballons.html\" name=\"Riesenballons\"><img loading=\"lazy\" decoding=\"async\" title=\"Luftballons in Riesengr\u00f6\u00dfe\" src=\"http:\/\/luftballons-info.biz\/assets\/images\/autogen\/a_Riesenluftballons_Riesenerfolg.jpg\" alt=\"Riesenballons\" width=\"205\" height=\"264\" \/><\/a><p class=\"wp-caption-text\">Riesenballons<\/p><\/div>\n<p align=\"center\">Weiterf\u00fchrende Informationen zu Riesenluftballons:<\/p>\n<p align=\"center\"><strong><a title=\"Farben der Riesenluftballons und Riesenballons\" href=\"http:\/\/www.ballonsupermarkt.de\/html\/riesenballons.html#Farben-der-Riesenballons\" name=\"Riesenballons-Farben\">Farben der Riesenluftballons<\/a><\/strong><\/p>\n<p align=\"center\"><a title=\"riesenluftballon\" href=\"http:\/\/www.ballonsupermarkt.de\/html\/riesen-luftballons.html#risenluftballon-450-cm\">Riesenluftballon 450 cm<\/a>,<a title=\"riesenluftballons\" href=\"http:\/\/www.ballonsupermarkt.de\/html\/riesen-luftballons.html#riesenluftballons-2-450-cm\"> 2 Riesenluftballons 450 cm<\/a>, <a title=\"riesenluftballons\" href=\"http:\/\/www.ballonsupermarkt.de\/html\/riesen-luftballons.html#riesenluftballons-10-450-cm\">10 Riesenluftballons 450 cm, <\/a><a title=\"riesenluftballons\" href=\"http:\/\/www.ballonsupermarkt.de\/html\/riesen-luftballons.html#riesenluftballons-20-450-cm\">20 Riesenluftballons 450 cm<\/a><\/p>\n<p align=\"center\"><a title=\"riesenluftballons\" href=\"http:\/\/www.ballonsupermarkt.de\/html\/riesen-luftballons.html#riesenluftballons-30-450-cm\">30 Riesenluftballons 450 cm<\/a>, <a title=\"riesenluftballon\" href=\"http:\/\/www.ballonsupermarkt.de\/html\/riesen-luftballons.html#riesenluftballons-350-cm\">Riesenluftballon 350 cm, <\/a><a title=\"riesenluftballons\" href=\"http:\/\/www.ballonsupermarkt.de\/html\/riesen-luftballons.html#riesenluftballons-5-350-cm\">5 Riesenluftballons 350 cm, <\/a><a title=\"riesenluftballons\" href=\"http:\/\/www.ballonsupermarkt.de\/html\/riesen-luftballons.html#riesenluftballons-10-350-cm\">10 Riesenluftballons 350 cm<\/a><\/p>\n<p align=\"center\"><a title=\"riesenluftballon\" href=\"http:\/\/www.ballonsupermarkt.de\/html\/riesen-luftballons.html#riesenluftballon-1-170-cm\">1 Riesenluftballon 170 cm<\/a>, <a title=\"riesenluftballons\" href=\"http:\/\/www.ballonsupermarkt.de\/html\/riesen-luftballons.html#riesenluftballons-5-170-cm\">5 Riesenluftballon 170 cm<\/a>, <a title=\"riesenluftballons\" href=\"http:\/\/www.ballonsupermarkt.de\/html\/riesen-luftballons.html#riesenluftballon-10-170-cm\">10 Riesenluftballon 170 cm, <\/a><a title=\"riesenluftballon Herzballon\" href=\"http:\/\/www.ballonsupermarkt.de\/html\/riesen-luftballons.html#riesenluftballon-herzform\">1 Riesenluftballon Herz 170 cm, <\/a><\/p>\n<p align=\"center\"><a title=\"riesenluftballons, Herzballons\" href=\"http:\/\/www.ballonsupermarkt.de\/html\/riesen-luftballons.html#riesenluftballons-10-herzballons\">10 Riesenluftballons Herz 170 cm, <\/a><a title=\"riesenluftballons, Herzballons\" href=\"http:\/\/www.ballonsupermarkt.de\/html\/riesen-luftballons.html#riesenballons-herzballons\">10 Riesenluftballons Herz 170 cm<\/a><\/p>\n<p align=\"center\">\n<p align=\"center\"><strong>Riesen-Herzluftballons<\/strong><\/p>\n<p align=\"center\"><strong>Riesenherzen, Riesenherzluftballons sind riesige Latexballons in Herzform. Zu Veranstaltungen mit dem gewissen romantischen Touch, zu Hochzeiten und zu allen Gelegenheiten, wo Liebe und Zuneigung, Herzlichkeit und Herz dargestellt sein sollen, sind Riesenherzballons die Sensation:<\/strong><\/p>\n<div id=\"attachment_1118\" style=\"width: 235px\" class=\"wp-caption aligncenter\"><a title=\"Riesen-Herzluftballons\" href=\"http:\/\/www.riesenluftballons-luftballons.de\/html\/riesen-herzluftballons.html\"><img loading=\"lazy\" decoding=\"async\" aria-describedby=\"caption-attachment-1118\" class=\"size-full wp-image-1118\" title=\"riesen-herzluftballons\" src=\"https:\/\/www.ballonsupermarkt-onlineshop.de\/blog\/wp-content\/uploads\/2008\/06\/riesen-herzluftballons.jpg\" alt=\"Riesen-Herzluftballons, riesige Luftballons in Form von Herzen, gro\u00dfe Herzluftballons sind die Sensation\" width=\"225\" height=\"542\" \/><\/a><p id=\"caption-attachment-1118\" class=\"wp-caption-text\">Riesen-Herzluftballons, riesige Luftballons in Form von Herzen, gro\u00dfe Herzluftballons sind die Sensation<\/p><\/div>\n<h4 style=\"text-align: center;\"><strong><a title=\"Riesenherzluftballon, 350er, Herzluftballons in Riesengr\u00f6\u00dfe, Gro\u00dfe Herzluftballone in 125 cm Durchmesser, Roter Riesenballon in Herzform\" href=\"..\/..\/shopdata\/Latexballons\/RiesenLatexballons+Rund=26amp=3Bslash=3BHerz\/Riesen-Herzluftballons+350+cm\/product_details.shopscript?article=Riesen-Herzluftballon%3D2C%2B350%2Bcm%3D2C%2BRot%2B%3D28LHRH-Riesenherzluftballon-350-rot-621230%3D29\"> <span style=\"color: #008000;\">Riesen-Herzluftballon, 350 cm, Rot<\/span><\/a><span style=\"color: #008000;\">, <\/span> <a title=\"Riesenherzluftballon, 350er, Herzluftballons in Riesengr\u00f6\u00dfe, Gro\u00dfe Herzluftballone in 125 cm Durchmesser, Blauer Riesenballon in Herzform\" href=\"..\/..\/shopdata\/Latexballons\/RiesenLatexballons+Rund=26amp=3Bslash=3BHerz\/Riesen-Herzluftballons+350+cm\/product_details.shopscript?article=Riesen-Herzluftballon%3D2C%2B350%2Bcm%3D2C%2BBlau%2B%3D28LHRH-Riesenherzluftballon-350-blau-704130%3D29\"> <span style=\"color: #008000;\">Riesen-Herzluftballon, 350 cm, Blau<\/span><\/a><span style=\"color: #008000;\">, <\/span> <a title=\"Riesenherzluftballon, 350er, Herzluftballons in Riesengr\u00f6\u00dfe, Gro\u00dfe Herzluftballone in 125 cm Durchmesser, Gelber Riesenballon in Herzform\" href=\"..\/..\/shopdata\/Latexballons\/RiesenLatexballons+Rund=26amp=3Bslash=3BHerz\/Riesen-Herzluftballons+350+cm\/product_details.shopscript?article=Riesen-Herzluftballon%3D2C%2B350%2Bcm%3D2C%2BGelb%2B%3D28LHRH-Riesenherzluftballon-350-gelb-053535%3D29\"> <span style=\"color: #008000;\">Riesen-Herzluftballon, 350 cm, Gelb<\/span><\/a><span style=\"color: #008000;\">, <\/span> <a title=\"Riesenherzluftballon, 350er, Herzluftballons in Riesengr\u00f6\u00dfe, Gro\u00dfe Herzluftballone in 125 cm Durchmesser, Rosa Riesenballon in Herzform\" href=\"..\/..\/shopdata\/Latexballons\/RiesenLatexballons+Rund=26amp=3Bslash=3BHerz\/Riesen-Herzluftballons+350+cm\/product_details.shopscript?article=Riesen-Herzluftballon%3D2C%2B350%2Bcm%3D2C%2BRosa%2B%3D28LHRH-Riesenherzluftballon-350-rosa-640441%3D29\"> <span style=\"color: #008000;\">Riesen-Herzluftballon, 350 cm, Rosa<\/span><\/a><span style=\"color: #008000;\">, <\/span> <a title=\"Riesenherzluftballon, 350er, Herzluftballons in Riesengr\u00f6\u00dfe, Gro\u00dfe Herzluftballone in 125 cm Durchmesser, Wei\u00dfer Riesenballon in Herzform\" href=\"..\/..\/shopdata\/Latexballons\/RiesenLatexballons+Rund=26amp=3Bslash=3BHerz\/Riesen-Herzluftballons+350+cm\/product_details.shopscript?article=Riesen-Herzluftballon%3D2C%2B350%2Bcm%3D2C%2BWei%3DDF%2B%3D28LHRH-Riesenherzluftballon-350-weiss-556553%3D29\"> <span style=\"color: #008000;\">Riesen-Herzluftballon, 350 cm, Wei\u00df<\/span><\/a><span style=\"color: #008000;\">, <\/span> <a title=\"Riesenherzluftballon, 350er, Herzluftballons in Riesengr\u00f6\u00dfe, Gro\u00dfe Herzluftballone in 125 cm Durchmesser, Gr\u00fcner Riesenballon in Herzform\" href=\"..\/..\/shopdata\/Latexballons\/RiesenLatexballons+Rund=26amp=3Bslash=3BHerz\/Riesen-Herzluftballons+350+cm\/product_details.shopscript?article=Riesen-Herzluftballon%3D2C%2B350%2Bcm%3D2C%2BGr%3DFCn%2B%3D28LHRH-Riesenherzluftballon-350-gruen-R-13%3D29\"> <span style=\"color: #008000;\">Riesen-Herzluftballon, 350 cm, Gr\u00fcn<\/span><\/a><\/strong><\/h4>\n<p><a title=\"Riesen-Herzluftballons in Rot am Hochzeitsauto auf der Fahrt in das Hochzeitsgl\u00fcck\" href=\"http:\/\/www.riesenluftballons-luftballons.de\/html\/riesen-herzluftballons.html#Riesen-Herzluftballons-Hochzeitsauto\"><img loading=\"lazy\" decoding=\"async\" title=\"Riesen-Herzluftballons am Hochzeitsauto\" src=\"http:\/\/www.riesenluftballons-luftballons.de\/assets\/images\/Riesenballons\/Hochzeitsauto-mit-Riesen-Herzluftballons.jpg\" alt=\"Rote Riesen-Herzluftballons schweben am Hochzeitsauto. Die Fahrt in das Hochzeitsgl\u00fcck mit riesigen Herzluftballons, den Luftballons der Liebe.\" width=\"324\" height=\"379\" \/><\/a><\/p>\n<p style=\"text-align: center;\"><strong><span style=\"color: #008000;\"><span style=\"color: #000000;\">Riesen-Hochzeitsballons<\/span><\/span><\/strong><\/p>\n<p style=\"text-align: center;\"><strong><span style=\"color: #008000;\"><span style=\"color: #000000;\">Zur Dekoration der Hochzeit, als Hochzeitsgeschenk und Hochzeits\u00fcberraschung sind Hochzeitsballons in Riesengr\u00f6\u00dfe die Attraktion:<\/span><\/span><\/strong><\/p>\n<p><img loading=\"lazy\" decoding=\"async\" class=\"size-full wp-image-1121\" title=\"riesenballons-hochzeit-riesige-luftballons-just-married\" src=\"https:\/\/www.ballonsupermarkt-onlineshop.de\/blog\/wp-content\/uploads\/2008\/06\/riesenballons-hochzeit-riesige-luftballons-just-married.jpg\" alt=\"Riesenballons-Hochzeitsballons, riesige Luftballons mit der Aufschrift Just Married, frisch verheiratet als Hochzeitsgeschenk und zu Dekoration der Hochzeitsfeier\" width=\"400\" height=\"294\" \/><\/p>\n<p style=\"margin: 0px; padding: 0px;\" align=\"center\"><strong><span style=\"color: #008000;\"><span style=\"color: #000000;\">Riesenluftballons &#8222;Alles Gute Zur Hochzeit&#8220;<\/span><\/span><\/strong><\/p>\n<p style=\"margin: 0px; padding: 0px;\" align=\"center\"><strong><span style=\"color: #008000;\"><span style=\"color: #000000;\">Zu Hochzeit w\u00fcnscht man Alles Gute. Mit riesigen Luftballons, die als Hochzeitsdekoration, mit Luft gef\u00fcllt,\u00a0 einen wunderbaren Eindruck geben:<\/span><\/span><\/strong><\/p>\n<p style=\"text-align: center;\"><strong><span style=\"color: #008000;\"><a title=\"Riesige Luftballons, Riesenballons, Riesen-Luftballons\" href=\"http:\/\/www.luftballons.biz\/de\/Luftballons-aus-Latex\/Luftballons-Rund\/Riesige-Luftballons\">Riesige Luftballons<\/a><br \/>\n<\/span><\/strong><\/p>\n","protected":false},"excerpt":{"rendered":"<p>Riesenluftballons sind die Sensation auf Messen und Ausstellungen. Mit Riesenballons erzielen Sie eine grandiose Anziehung. Von weit her kann man Riesenluftballons sehen. Direkt hervorragend ist der Effekt der riesigen Luftballons. Es ist unm\u00f6glich, diese riesigen Ballons zu \u00fcbersehen. Eine Werbeaktion mit Riesenluftballons ist immer erfolgreich. Mit Luftballons erzielt man Werbeerfolge, mit Riesenluftballons erzielt man Riesen-Werbeerfolge. [&hellip;]<\/p>\n","protected":false},"author":1,"featured_media":0,"parent":0,"menu_order":0,"comment_status":"open","ping_status":"closed","template":"","meta":{"footnotes":""},"class_list":["post-73","page","type-page","status-publish","hentry"],"aioseo_notices":[],"_links":{"self":[{"href":"https:\/\/www.ballonsupermarkt-onlineshop.de\/blog\/wp-json\/wp\/v2\/pages\/73","targetHints":{"allow":["GET"]}}],"collection":[{"href":"https:\/\/www.ballonsupermarkt-onlineshop.de\/blog\/wp-json\/wp\/v2\/pages"}],"about":[{"href":"https:\/\/www.ballonsupermarkt-onlineshop.de\/blog\/wp-json\/wp\/v2\/types\/page"}],"author":[{"embeddable":true,"href":"https:\/\/www.ballonsupermarkt-onlineshop.de\/blog\/wp-json\/wp\/v2\/users\/1"}],"replies":[{"embeddable":true,"href":"https:\/\/www.ballonsupermarkt-onlineshop.de\/blog\/wp-json\/wp\/v2\/comments?post=73"}],"version-history":[{"count":2,"href":"https:\/\/www.ballonsupermarkt-onlineshop.de\/blog\/wp-json\/wp\/v2\/pages\/73\/revisions"}],"predecessor-version":[{"id":3121,"href":"https:\/\/www.ballonsupermarkt-onlineshop.de\/blog\/wp-json\/wp\/v2\/pages\/73\/revisions\/3121"}],"wp:attachment":[{"href":"https:\/\/www.ballonsupermarkt-onlineshop.de\/blog\/wp-json\/wp\/v2\/media?parent=73"}],"curies":[{"name":"wp","href":"https:\/\/api.w.org\/{rel}","templated":true}]}}