{"id":77,"date":"2008-08-01T15:23:31","date_gmt":"2008-08-01T13:23:31","guid":{"rendered":"http:\/\/ballonsupermarkt-onlineshop.de\/blog\/ballonshop-luftballone\/"},"modified":"2008-08-01T15:23:31","modified_gmt":"2008-08-01T13:23:31","slug":"ballonshop-luftballone","status":"publish","type":"page","link":"https:\/\/www.ballonsupermarkt-onlineshop.de\/blog\/ballonshop-luftballone\/","title":{"rendered":"Ballonshop Luftballone"},"content":{"rendered":"<p>Sie suchen einen Ballonshop? Einen Shop mit vielen Luftballonen? Also einen richtigen <a title=\"Ballonshop\" href=\"http:\/\/www.ballonshop.biz\">Ballonshop<\/a>? Einen Fachhandel f\u00fcr <a title=\"Ballonshop Luftballone\" href=\"http:\/\/www.ballonsupermarkt.de\/html\/ballonshop-luftballone.htm\">Luftballone<\/a>? Wie gro\u00df ist m\u00f6glicherweise so ein <a title=\"Ballonshop\" href=\"http:\/\/www.ballonsupermarkt.de\/html\/ballonshop.html\">Ballonshop<\/a>?<\/p>\n<p style=\"text-align: center\"><a title=\"Ballonshop auf 1.000 Quadratmetern\" href=\"http:\/\/www.luftballonsupermarkt.de\"><img loading=\"lazy\" decoding=\"async\" src=\"http:\/\/www.ballonsupermarkt.de\/assets\/images\/autogen\/a_Ballonsupermarkt_Ballonshop_1000_Quadratmeter.jpg\" border=\"3\" alt=\"Ballonshop auf 1.000 Quadratmetern\" width=\"300\" height=\"246\" \/><\/a><\/p>\n<p>K\u00fcchenformat? 30 Quadratmeter? 100 Quadratmeter? Oder 1 bis 2 Ballonst\u00e4nder in einem Kaufhaus? M\u00f6glicherweise ein kleines Ballonlager in der Garage? Oder ein paar T\u00fcten mit Ballons beim Gaseh\u00e4ndler? M\u00f6glicherweise ein paar F\u00e4cher im Schlafzimmerschrank bei irgend einem Iiibehhh\u00e4ndler?<\/p>\n<p>Wie gro\u00df sollte so ein Ballonshop sein, damit Sie gen\u00fcgend Vertrauen entwickeln k\u00f6nnen, um im Dschungel der schlechten Qualit\u00e4ten bei Luftballonen einen Kauf sorglos t\u00e4tigen zu k\u00f6nnen? Gro\u00dfe Auswahl- Gro\u00dfe Erfahrung? Kleine Auswahl- Gro\u00dfe Erfahrung? Riesiges Angebot- Riesiges Fachwissen? Kleines Angebot- Riesiges Fachwissen?<\/p>\n<p>Wie viele Betreiber von Ballonshops wissen m\u00f6glicherweise nicht einmal wie man <a title=\"Ballone aufblasen, das kann doch jedes Kind\" href=\"http:\/\/www.ballonsupermarkt.de\/html\/luftballons_aufblasen.htm\">Ballone mit Ballongas aufbl\u00e4st<\/a>? Nein, das kann wirklich nicht jeder wissen. Etwas falsch zu machen ist doch viel einfacher!<\/p>\n<p>Aber es ist sch\u00f6ner wenn man es gleich richtig macht! Und dazu ist eine vorherige <a title=\"Fachberatung zu Ballongas, Helium, Luftballone\" href=\"http:\/\/www.ballonsupermarkt.de\/html\/ballonsupershop.htm\">Fachberatung f\u00fcr Ballone und Ballongase<\/a> nicht hinderlich.<\/p>\n<p>Lassen Sie sich \u00fcberzeugen! Mit <a title=\"Fachberatung beim Kauf von Luftballons und Ballongas\" href=\"http:\/\/www.ballonsupermarkt.de\/html\/wer_wir_sind.html\">Fachberatung bei der Anwendung von Luftballons<\/a> zu Ihren Feiern, wie <a title=\"Hochzeit Dekoration Ballons\" href=\"http:\/\/ballonshop.biz\/html\/hochzeit_dekoration_ballons.html\">Hochzeit<\/a>, <a title=\"Luftballons Geburtstag\" href=\"http:\/\/luftballons-info.biz\/html\/luftballons_geburtstag.html\">Geburtstag<\/a>, <a title=\"Betriebsfeier einmal besonders sch\u00f6n\" href=\"https:\/\/www.ballonsupermarkt-onlineshop.de\/blog\/2007\/11\/14\/ballondekoration-fur-die-betriebsfeier\/\">Betriebsfest<\/a> oder <a title=\"Ballondekoration\" href=\"http:\/\/www.ballonsupermarkt.de\/html\/ballondekoration_mit_folienbal.html\">Gesch\u00e4ftser\u00f6ffnung<\/a> kann wirklich weniger schief laufen.<\/p>\n<p><a title=\"Ballonsupermarkt, der Ballonshop auf 1.000 Quadratmetern, riesige Auswahl an Ballonen und Ballongasen. Ballondekorateur mit erstklassigen Referenzen. Ihr Fachhandel.\" href=\"http:\/\/ballonsupermarkt.de\">Ballonsupermarkt, der Ballonshop auf 1.000 Quadratmetern, riesige Auswahl an Ballonen und Ballongasen. Ballondekorateur mit erstklassigen Referenzen. Ihr Fachhandel.<\/a><\/p>\n<p align=\"center\"><a title=\"Ballonsupermarkt, der Ballonshop auf 1.000 Quadratmetern, riesige Auswahl an Ballonen und Ballongasen. Ballondekorateur mit erstklassigen Referenzen. Ihr Fachhandel.\" href=\"https:\/\/www.ballonsupermarkt-onlineshop.de\"><img loading=\"lazy\" decoding=\"async\" src=\"http:\/\/www.ballonsupermarkt.de\/assets\/images\/autogen\/a_Shop6.jpg\" border=\"5\" alt=\"Ballonsupermarkt, der Ballonshop auf 1.000 Quadratmetern, riesige Auswahl an Ballonen und Ballongasen. Ballondekorateur mit erstklassigen Referenzen. Ihr Fachhandel.\" width=\"250\" height=\"188\" align=\"middle\" \/><\/a><\/p>\n<p align=\"center\"><a title=\"Verkaufshallen des Ballonshops Ballonsupermarkt\" href=\"http:\/\/www.ballonsupermarkt.de\/html\/ballonsupermarkt_verkaufshalle.html\"><img loading=\"lazy\" decoding=\"async\" src=\"http:\/\/www.ballonsupermarkt.de\/assets\/images\/autogen\/a_Verkaufshallen_Ballonsupermarkt.jpg\" alt=\"Ballonsupermarkt, Ballonshop auf 1.000 Quadratmetern, Ausstellung von Ballonen auf 600 qm!\" width=\"802\" height=\"476\" align=\"middle\" \/><\/a><\/p>\n<p align=\"center\"><a title=\"Informationen zu Luftballons im Ballonshop\" href=\"https:\/\/www.ballonsupermarkt-onlineshop.de\/blog\/2008\/08\/05\/informationen-im-ballonshop\/\">Informationen im Ballonshop<\/a><\/p>\n","protected":false},"excerpt":{"rendered":"<p>Sie suchen einen Ballonshop? Einen Shop mit vielen Luftballonen? Also einen richtigen Ballonshop? Einen Fachhandel f\u00fcr Luftballone? Wie gro\u00df ist m\u00f6glicherweise so ein Ballonshop? K\u00fcchenformat? 30 Quadratmeter? 100 Quadratmeter? Oder 1 bis 2 Ballonst\u00e4nder in einem Kaufhaus? M\u00f6glicherweise ein kleines Ballonlager in der Garage? Oder ein paar T\u00fcten mit Ballons beim Gaseh\u00e4ndler? M\u00f6glicherweise ein paar [&hellip;]<\/p>\n","protected":false},"author":1,"featured_media":0,"parent":0,"menu_order":0,"comment_status":"open","ping_status":"closed","template":"","meta":{"footnotes":""},"class_list":["post-77","page","type-page","status-publish","hentry"],"aioseo_notices":[],"_links":{"self":[{"href":"https:\/\/www.ballonsupermarkt-onlineshop.de\/blog\/wp-json\/wp\/v2\/pages\/77","targetHints":{"allow":["GET"]}}],"collection":[{"href":"https:\/\/www.ballonsupermarkt-onlineshop.de\/blog\/wp-json\/wp\/v2\/pages"}],"about":[{"href":"https:\/\/www.ballonsupermarkt-onlineshop.de\/blog\/wp-json\/wp\/v2\/types\/page"}],"author":[{"embeddable":true,"href":"https:\/\/www.ballonsupermarkt-onlineshop.de\/blog\/wp-json\/wp\/v2\/users\/1"}],"replies":[{"embeddable":true,"href":"https:\/\/www.ballonsupermarkt-onlineshop.de\/blog\/wp-json\/wp\/v2\/comments?post=77"}],"version-history":[{"count":0,"href":"https:\/\/www.ballonsupermarkt-onlineshop.de\/blog\/wp-json\/wp\/v2\/pages\/77\/revisions"}],"wp:attachment":[{"href":"https:\/\/www.ballonsupermarkt-onlineshop.de\/blog\/wp-json\/wp\/v2\/media?parent=77"}],"curies":[{"name":"wp","href":"https:\/\/api.w.org\/{rel}","templated":true}]}}