{"id":823,"date":"2010-07-08T18:46:12","date_gmt":"2010-07-08T16:46:12","guid":{"rendered":"http:\/\/ballonsupermarkt-onlineshop.de\/blog\/?page_id=823"},"modified":"2026-03-11T17:08:06","modified_gmt":"2026-03-11T16:08:06","slug":"einfache-ballonpumpe","status":"publish","type":"page","link":"https:\/\/www.ballonsupermarkt-onlineshop.de\/blog\/einfache-ballonpumpe\/","title":{"rendered":"Einfache Ballonpumpe"},"content":{"rendered":"<p>Hier finden Sie die einfache und g\u00fcnstige Ballonpumpe f\u00fcr Luftballons in unserem Shop.<\/p>\n<p>Die einfache Ballonpumpe ist robust und zweckm\u00e4\u00dfig und auch zu gr\u00f6\u00dferen Aktionen, zum Aufblasen vieler Luftballons, geeignet. Der Ballonpumpen-Aufsatz ist konisch, so dass Luftballons in verschiedenen Gr\u00f6\u00dfen m\u00fchelos aufgeblasen werden k\u00f6nnen. Zur h\u00e4ufigeren Verwendung zu professionellen Eins\u00e4tzen empfehlen wir auch die <a title=\"Gro\u00dfe Ballonpumpe\" href=\"https:\/\/www.ballonsupermarkt-onlineshop.de\/do-it-yourself-angebote\/ballonzubehor\/ballonpumpen\/ballonpumpe-doppelhub-40cm.html\">gro\u00dfe Ballonpumpe<\/a>. Warum der Einsatz von Ballonpumpen nur vorteilhaft sein kann erfahren sie <a title=\"Warum der Einsatz von Ballonpumpen nur vorteilhaft sein kann erfahren sie hier\" href=\"https:\/\/www.ballonsupermarkt-onlineshop.de\/do-it-yourself-angebote\/ballonzubehor\/ballonpumpen.html\" name=\"Ballonpumpen\">hier<\/a>.<\/p>\n<div style=\"width: 260px\" class=\"wp-caption alignnone\"><a href=\"https:\/\/www.ballonsupermarkt-onlineshop.de\/shopdata\/0050_Ballonzubeh=F6r\/0050_Ballonpumpen\/product_details.shopscript?article=0010_Ballonpumpe%2B%3D28BZBPmp%2B01%3D29\"><img loading=\"lazy\" decoding=\"async\" title=\"Einfach Ballonpumpe f\u00fcr Luftballons\" src=\"https:\/\/www.ballonsupermarkt-onlineshop.de\/shopdata\/smimages\/13\/detail_BZBPmp01_250x300.jpg\" alt=\"Einfach Ballonpumpe f\u00fcr Luftballons\" width=\"250\" height=\"300\" \/><\/a><p class=\"wp-caption-text\">Einfach Ballonpumpe f\u00fcr Luftballons<\/p><\/div>\n<p>Klicken Sie auf das Bild, damit sie zum Produkt im <a title=\"Ballonpumpen Shop\" href=\"\/shopdata\/Ballonzubeh=F6r\/Ballonpumpen\/product_overview.shopscript\" name=\"Ballonpumpen-Shop\">Shop<\/a>, oder zum <a title=\"Ballonpumpen-Verleih\" href=\"\/shopdata\/Ballonzubeh=F6r\/Aufblasger=E4te+=28leihweise=29\/product_overview.shopscript\" name=\"Ballonpumpen-Verleih\">Ballonpumpen-Verleih<\/a> weitergeleitet werden.<\/p>\n<p>Gutes <a title=\"Gutes Ballonzubeh\u00f6r ist eine Garantie f\u00fcr gelungene Aktionen mit Ballons\" href=\"http:\/\/highlightballoons.org\/ballonzubehor\/\">Ballonzubeh\u00f6r<\/a> ist eine Garantie f\u00fcr gelungene Aktionen mit Ballons. Der <a title=\"Der Ballonsupermarkt-Onlineshop  ist ein versierter Fachmarkt f\u00fcr praktisches und gutes  Zubeh\u00f6r, das bei Verarbeitung von Ballons zu Ballondeko, Ballondekoration, Verteilaktionen und zum Aufblasen von Figurenballons, Herzluftballons und Luftballons wichtig ist\" href=\"https:\/\/www.ballonsupermarkt-onlineshop.de\/\">Ballonsupermarkt-Onlineshop<\/a> ist ein versierter <a title=\"Fachmarkt und Fachhandel f\u00fcr Luftballons\" href=\"http:\/\/www.ballonsupermarkt.de\/html\/luftballons_fachhandel.html\">Fachmarkt<\/a> f\u00fcr praktisches und gutes\u00a0 Zubeh\u00f6r, das bei Verarbeitung von <a title=\"Ballons\" href=\"https:\/\/www.ballonsupermarkt-onlineshop.de\/shopdata\/Latexballons\/product_overview.shopscript\">Ballons<\/a> zu <a title=\"Ballondeko\" href=\"http:\/\/www.ballonsupermarkt.de\/html\/ballondeko.html\">Ballondeko<\/a>, <a title=\"Ballondekoration\" href=\"http:\/\/www.ballonsupermarkt.de\/html\/deko-service.html\">Ballondekoration<\/a>, <a title=\"Dekorationen mit Riesenballons\" href=\"http:\/\/www.riesenluftballons-luftballons.de\/html\/ballondekoration.html\">Dekorationen mit Riesenballons<\/a>, <a title=\"Verteilaktionen Luftballons\" href=\"http:\/\/luftballons-info.biz\/html\/Verteilaktionen-mit-Luftballons.html\">Verteilaktionen<\/a> und zum Aufblasen von <a title=\"Figurenballons aufblasen\" href=\"http:\/\/www.ballonsupermarkt.de\/html\/figurenballons_aufblasen.html\">Figurenballons<\/a>, <a title=\"Herzluftballons aufblasen\" href=\"http:\/\/www.ballonsupermarkt.de\/html\/luftballons-herzballons-aufbla.html\">Herzluftballons<\/a> und <a title=\"Luftballons aufblasen\" href=\"http:\/\/www.ballonsupermarkt.de\/html\/luftballons_aufblasen.htm\">Luftballons<\/a> wichtig ist.<\/p>\n<p><strong>An Ballonpumpen f\u00fchrt der <a title=\"Der Ballonsupermarkt-Onlineshop ist ein Fachmarkt f\u00fcr Ballonpumpen und Luftballons\" href=\"\/shopdata\/about_us.shopscript\">Ballonsupermarkt-Onlineshop<\/a>: Die einfache <a title=\"2-Wege-Doppelhub Ballonpumpe\" href=\"\/blog\/ballonpumpen\/einfache-2-wege-doppelhub-ballonpumpe\/\">2-Wege-Doppelhub Ballonpumpe<\/a>, einfache <a title=\"einfache Ballonpumpe\" href=\"\/blog\/ballonpumpen\/einfache-ballonpumpe\/\">Ballonpumpe<\/a>, die g\u00fcnstige <a title=\"g\u00fcnstige Doppelhub Ballonpumpe\" href=\"\/blog\/ballonpumpen\/gunstige-ballonpumpe-mit-doppelhub\/\">Doppelhub Ballonpumpe<\/a>.<\/strong><\/p>\n<p>Im <a title=\"Im Katalog vom Ballonsupermarkt-Onlineshop finden sie ebenfalls automatische Ballonpumpen im Verleih\" href=\"\/shopdata\/product_overview.shopscript\">Katalog vom Ballonsupermarkt-Onlineshop<\/a> finden sie ebenfalls automatische <a title=\"Ballonpumpen Verleih\" href=\"\/shopdata\/Ballonzubeh=F6r\/Aufblasger=E4te+=28leihweise=29\/product_overview.shopscript\">Ballonpumpen im Verleih<\/a>: <a title=\"Ballonpumpen Verleih f\u00fcr 1 Tag\" href=\"\/shopdata\/Ballonzubeh=F6r\/Aufblasger=E4te+=28leihweise=29\/product_details.shopscript?article=Aufblasger%3DE4t%2B%3D28leihweise%3D29%2B1%2BTag%2B%3D28BAG%2B01%2BAufbl%3D252EGer%3DE4t%3D29\">1 Tag<\/a>, <a title=\"Ballonpumpen Verleih, 2 Tage\" href=\"\/shopdata\/Ballonzubeh=F6r\/Aufblasger=E4te+=28leihweise=29\/product_details.shopscript?article=Aufblasger%3DE4t%2B%3D28leihweise%3D29%2B2%2BTage%2B%3D28BAG%2B02%2BAufbl%3D252EGer%3DE4t2%3D29\">2 Tage<\/a>, <a title=\"Ballonpumpen Verleih, 3 Tage\" href=\"\/shopdata\/Ballonzubeh=F6r\/Aufblasger=E4te+=28leihweise=29\/product_details.shopscript?article=Aufblasger%3DE4t%2B%3D28leihweise%3D29%2B3%2BTage%2B%3D28BAG%2B03%2BAufbl%3D252EGer%3DE4t3%3D29\">3 Tage<\/a> und <a title=\"Ballonpumpen Verleih, 7 Tage\" href=\"\/shopdata\/Ballonzubeh=F6r\/Aufblasger=E4te+=28leihweise=29\/product_details.shopscript?article=Aufblasger%3DE4t%2B%3D28leihweise%3D29%2B7%2BTage%2B%3D28BAG%2B04%2BAufbl%3D252EGer%3DE4t7%3D29\">7 Tage<\/a>.<\/p>\n<p>F\u00fcr professionelle Anwender bietet der <a title=\"F\u00fcr professionelle Anwender bietet der Ballonsupermarkt-Onlineshop auch automatische Ballonpumpen im Verkauf\" href=\"https:\/\/www.ballonsupermarkt-onlineshop.de\">Ballonsupermarkt-Onlineshop<\/a> auch automatische <a title=\"Ballonpumpen Verkauf\" href=\"\/shopdata\/Ballonzubeh=F6r\/Aufblasger=E4te\/product_overview.shopscript\">Ballonpumpen im Verkauf<\/a>: Automatische Ballonpumpe Standard, <a title=\"Automatische Ballonpumpe Z 16\" href=\"\/shopdata\/Ballonzubeh=F6r\/Aufblasger=E4te\/product_details.shopscript?article=Aufblasger%3DE4t%2BZ-16%2B%3D28BZBAfbl%2Bz-16%3D29\">Ballonpumpe Z 16<\/a>, <a title=\"Automatische Ballonpumpe Z 15\" href=\"\/shopdata\/Ballonzubeh=F6r\/Aufblasger=E4te\/product_details.shopscript?article=Aufblasger%3DE4t%2BZ-15%2B%3D28BZBAfbl%2Bz-15%3D29\">Ballonpumpe Z 15<\/a>, <a title=\"Automatische Ballonpumpe Z 30\" href=\"\/shopdata\/Ballonzubeh=F6r\/Aufblasger=E4te\/product_details.shopscript?article=Aufblasger%3DE4t%2BZ-30%2B%3D28BZBAfbl%2Bz-30%3D29\">Ballonpumpe Z 30<\/a>, <a title=\"Automatische Ballonpumpe Z 32\" href=\"\/shopdata\/Ballonzubeh=F6r\/Aufblasger=E4te\/product_details.shopscript?article=Aufblasger%3DE4t%2BZ-32%2B%3D28BZBAfbl%2Bz-32%3D29\">Ballonpumpe Z 32<\/a>, <a title=\"Automatische Ballonpumpe Mini-Cool\" href=\"\/shopdata\/Ballonzubeh=F6r\/Aufblasger=E4te\/product_details.shopscript?article=Aufblasger%3DE4t%2BMini-Cool%2B%3D28LBAblg-BAs-4817%3D29\">Ballonpumpe Mini-Cool<\/a>.<\/p>\n<p><a title=\"Ballonpumpen und Luftballonpumpen\" href=\"https:\/\/www.ballonsupermarkt-onlineshop.de\/ballonzubehor\/ballonpumpen.html\">Ballonpumpen und Luftballonpumpen<\/a>.<\/p>\n","protected":false},"excerpt":{"rendered":"<p>Hier finden Sie die einfache und g\u00fcnstige Ballonpumpe f\u00fcr Luftballons in unserem Shop. Die einfache Ballonpumpe ist robust und zweckm\u00e4\u00dfig und auch zu gr\u00f6\u00dferen Aktionen, zum Aufblasen vieler Luftballons, geeignet. Der Ballonpumpen-Aufsatz ist konisch, so dass Luftballons in verschiedenen Gr\u00f6\u00dfen m\u00fchelos aufgeblasen werden k\u00f6nnen. Zur h\u00e4ufigeren Verwendung zu professionellen Eins\u00e4tzen empfehlen wir auch die gro\u00dfe [&hellip;]<\/p>\n","protected":false},"author":1,"featured_media":0,"parent":0,"menu_order":0,"comment_status":"open","ping_status":"closed","template":"","meta":{"footnotes":""},"class_list":["post-823","page","type-page","status-publish","hentry"],"aioseo_notices":[],"_links":{"self":[{"href":"https:\/\/www.ballonsupermarkt-onlineshop.de\/blog\/wp-json\/wp\/v2\/pages\/823","targetHints":{"allow":["GET"]}}],"collection":[{"href":"https:\/\/www.ballonsupermarkt-onlineshop.de\/blog\/wp-json\/wp\/v2\/pages"}],"about":[{"href":"https:\/\/www.ballonsupermarkt-onlineshop.de\/blog\/wp-json\/wp\/v2\/types\/page"}],"author":[{"embeddable":true,"href":"https:\/\/www.ballonsupermarkt-onlineshop.de\/blog\/wp-json\/wp\/v2\/users\/1"}],"replies":[{"embeddable":true,"href":"https:\/\/www.ballonsupermarkt-onlineshop.de\/blog\/wp-json\/wp\/v2\/comments?post=823"}],"version-history":[{"count":8,"href":"https:\/\/www.ballonsupermarkt-onlineshop.de\/blog\/wp-json\/wp\/v2\/pages\/823\/revisions"}],"predecessor-version":[{"id":3248,"href":"https:\/\/www.ballonsupermarkt-onlineshop.de\/blog\/wp-json\/wp\/v2\/pages\/823\/revisions\/3248"}],"wp:attachment":[{"href":"https:\/\/www.ballonsupermarkt-onlineshop.de\/blog\/wp-json\/wp\/v2\/media?parent=823"}],"curies":[{"name":"wp","href":"https:\/\/api.w.org\/{rel}","templated":true}]}}